{"id":12,"date":"2016-03-23T19:36:46","date_gmt":"2016-03-23T18:36:46","guid":{"rendered":"http:\/\/pmbcu.pl\/strona\/?page_id=12"},"modified":"2017-08-24T11:31:09","modified_gmt":"2017-08-24T09:31:09","slug":"oferta","status":"publish","type":"page","link":"http:\/\/pmbcu.pl\/strona\/oferta\/","title":{"rendered":"Oferta"},"content":{"rendered":"<div class=\"mp-row-fluid motopress-row mpce-dsbl-margin-left mpce-dsbl-margin-right\">\n<div class=\"mp-span12 motopress-clmn  mpce-dsbl-margin-left mpce-dsbl-margin-right\">\n<div class=\"motopress-image-obj motopress-text-align-left\"><img decoding=\"async\" src=\"http:\/\/pmbcu.pl\/strona\/wp-content\/uploads\/2016\/03\/Bez-nazwy-1-1.jpg\" title=\"Bez nazwy-1\" alt=\"Bez nazwy-1\" class=\"motopress-image-obj-basic mpce-dsbl-margin-left mpce-dsbl-margin-right mpce-dsbl-margin-top mpce-dsbl-margin-bottom\" \/><\/div>\n<\/div>\n<\/div>\n<div class=\"mp-row-fluid motopress-row mpce-dsbl-margin-left mpce-dsbl-margin-right\">\n<div class=\"mp-span12 motopress-clmn  mpce-dsbl-margin-left mpce-dsbl-margin-right  motopress-space\">\n<div class=\"motopress-space-obj mpce-dsbl-background-image-type mpce-dsbl-background-image mpce-dsbl-background-gradient mpce-dsbl-background-position mpce-dsbl-background-position-x mpce-dsbl-background-position-y mpce-dsbl-background-repeat mpce-dsbl-background-size mpce-dsbl-background-attachment mpce-dsbl-margin-left mpce-dsbl-margin-right mpce-dsbl-background-color mpce-dsbl-border-top-width mpce-dsbl-border-bottom-width mpce-dsbl-border-left-width mpce-dsbl-border-right-width mpce-dsbl-border-top-left-radius mpce-dsbl-border-top-right-radius mpce-dsbl-border-bottom-left-radius mpce-dsbl-border-bottom-right-radius mpce-dsbl-border-style mpce-dsbl-border-color mpce-dsbl-padding-left mpce-dsbl-padding-right mpce-dsbl-margin-top mpce-dsbl-margin-bottom mpce-dsbl-color\">\n<div><\/div>\n<\/div>\n<\/div>\n<\/div>\n<div class=\"mp-row-fluid motopress-row mpce-dsbl-margin-left mpce-dsbl-margin-right\">\n<div class=\"mp-span12 motopress-clmn  mpce-dsbl-margin-left mpce-dsbl-margin-right\">\n<div class=\"mp-row-fluid motopress-row mpce-dsbl-margin-left mpce-dsbl-margin-right\">\n<div class=\"mp-span12 motopress-clmn mpce-dsbl-margin-left mpce-dsbl-margin-right\">\n<div class=\"motopress-text-obj\">\n<p><strong>Oferta PMB Centrum Ubezpiecze\u0144\u00a0<\/strong><\/p>\n<p>Kierujemy nasz\u0105 ofert\u0119 zar\u00f3wno do os\u00f3b prywatnych jak i do przedsi\u0119biorc\u00f3w ma\u0142ych i du\u017cych, dzi\u0119ki wsp\u00f3\u0142pracy z wi\u0119kszo\u015bci\u0105<br \/>\ntowarzystw ubezpieczeniowych w Polsce, posiadamy olbrzymi wachlarz produkt\u00f3w ubezpieczeniowych. A o to nasza oferta:<\/p>\n<\/div>\n<\/div>\n<\/div>\n<div class=\"mp-row-fluid motopress-row mpce-dsbl-margin-left mpce-dsbl-margin-right\">\n<div class=\"mp-span6 motopress-clmn mpce-dsbl-margin-left mpce-dsbl-margin-right\">\n<div class=\"motopress-text-obj\">\n<p style=\"font-family: Arial, sans-serif; font-size: 14px; font-style: normal; font-weight: normal;\"><strong>Ubezpieczenia Indywidualne<\/strong><\/p>\n<ul>\n<li style=\"font-size: 14px;\"><span style=\"font-size: 14px; line-height: 1.5;\">ubezpieczenia komunikacyjne<\/span><\/li>\n<li style=\"font-size: 14px;\"><span style=\"font-size: 14px; line-height: 1.5;\">fundusze inwestycyjne<\/span><\/li>\n<li style=\"font-size: 14px;\"><span style=\"font-size: 14px; line-height: 1.5;\">ubezpieczenia ochrony prawnej<\/span><\/li>\n<li style=\"font-size: 14px;\"><span style=\"font-size: 14px; line-height: 1.5;\">ubezpieczenia zdrowotne<\/span><\/li>\n<li style=\"font-size: 14px;\"><span style=\"font-size: 14px; line-height: 1.5;\">ubezpieczenia na \u017cycie<\/span><\/li>\n<li style=\"font-size: 14px;\"><span style=\"font-size: 14px; line-height: 1.5;\">ubezpieczenia rolne<\/span><\/li>\n<li style=\"font-size: 14px;\"><span style=\"font-size: 14px; line-height: 1.5;\">ubezpieczenia obcokrajowc\u00f3w<\/span><\/li>\n<li style=\"font-size: 14px;\"><span style=\"font-size: 14px; line-height: 1.5;\">ubezpieczenia turystyczne<\/span><\/li>\n<li style=\"font-size: 14px;\"><span style=\"font-size: 14px; line-height: 1.5;\">ubezpieczenia nnw<\/span><\/li>\n<li style=\"font-size: 14px;\"><span style=\"font-size: 14px; line-height: 1.5;\">ubezpieczenia oc w \u017cyciu prywatnym<\/span><\/li>\n<li style=\"font-size: 14px;\"><span style=\"font-size: 14px; line-height: 1.5;\">ubezpieczenia mieszkaniowe<br \/>\n<\/span><\/li>\n<li><span style=\"font-size: 14px; line-height: 1.5;\">ubezpieczenia grupowe<\/span><\/li>\n<\/ul>\n<\/div>\n<\/div>\n<div class=\"mp-span6 motopress-clmn mpce-dsbl-margin-left mpce-dsbl-margin-right\">\n<div class=\"motopress-text-obj\">\n<p><strong>Ubezpieczenia Firmowe<\/strong><\/p>\n<ul>\n<li><span style=\"font-size: 14px; line-height: 1.5;\">ubezpieczenia komunikacyjne<\/span><\/li>\n<li><span style=\"font-size: 14px; line-height: 1.5;\">ubezpieczenia prawne<\/span><\/li>\n<li><span style=\"font-size: 14px; line-height: 1.5;\">ubezpieczenia OC zawodowego<\/span><\/li>\n<li><span style=\"font-size: 14px; line-height: 1.5;\">ubezpieczenia transportowe<\/span><\/li>\n<li><span style=\"font-size: 14px; line-height: 1.5;\">ubezpieczenia finansowe<\/span><\/li>\n<li><span style=\"font-size: 14px; line-height: 1.5;\">ubezpieczenia flot samochodowych<\/span><\/li>\n<li><span style=\"font-size: 14px; line-height: 1.5;\">ubezpieczenia maj\u0105tkowe<\/span><\/li>\n<\/ul>\n<\/div>\n<\/div>\n<\/div>\n<\/div>\n<\/div>\n<div class=\"mp-row-fluid motopress-row mpce-dsbl-margin-left mpce-dsbl-margin-right\">\n<div class=\"mp-span12 motopress-clmn  mpce-dsbl-margin-left mpce-dsbl-margin-right  motopress-space\">\n<div class=\"motopress-space-obj mpce-dsbl-background-image-type mpce-dsbl-background-image mpce-dsbl-background-gradient mpce-dsbl-background-position mpce-dsbl-background-position-x mpce-dsbl-background-position-y mpce-dsbl-background-repeat mpce-dsbl-background-size mpce-dsbl-background-attachment mpce-dsbl-margin-left mpce-dsbl-margin-right mpce-dsbl-background-color mpce-dsbl-border-top-width mpce-dsbl-border-bottom-width mpce-dsbl-border-left-width mpce-dsbl-border-right-width mpce-dsbl-border-top-left-radius mpce-dsbl-border-top-right-radius mpce-dsbl-border-bottom-left-radius mpce-dsbl-border-bottom-right-radius mpce-dsbl-border-style mpce-dsbl-border-color mpce-dsbl-padding-left mpce-dsbl-padding-right mpce-dsbl-margin-top mpce-dsbl-margin-bottom mpce-dsbl-color\">\n<div><\/div>\n<\/div>\n<\/div>\n<\/div>\n<div class=\"mp-row-fluid motopress-row mpce-dsbl-margin-left mpce-dsbl-margin-right\">\n<div class=\"mp-span12 motopress-clmn  mpce-dsbl-margin-left mpce-dsbl-margin-right\">\n<div class=\"motopress-text-obj\">\n<p style=\"font-family: Arial, sans-serif; font-size: 14px; font-style: normal; font-weight: normal; color: #777777; line-height: 21px; text-align: center;\"><strong style=\"font-size: 14px;\">Bezpiecze\u0144stwo<\/strong><\/p>\n<p style=\"font-family: Arial, sans-serif; font-size: 14px; font-style: normal; font-weight: normal; color: #777777; line-height: 21px; text-align: center;\">Dzi\u0119ki szerokiej ofercie ubezpiecze\u0144 uzupe\u0142nianej na bie\u017c\u0105co o najnowsze produkty na rynku, mo\u017cemy zapewni\u0107 spok\u00f3j i bezpiecze\u0144stwo w<br \/>\nka\u017cdej nieprzewidzianej sytuacji. \u00a0Pomagaj\u0105 nam w tym liczni partnerzy (20 Towarzystw ubezpieczeniowych)<\/p>\n<\/div>\n<\/div>\n<\/div>\n<div class=\"mp-row-fluid motopress-row mpce-dsbl-margin-left mpce-dsbl-margin-right\">\n<div class=\"mp-span12 motopress-clmn  mpce-dsbl-margin-left mpce-dsbl-margin-right\">\n<div class=\"motopress-image-obj motopress-text-align-left\"><img decoding=\"async\" src=\"http:\/\/pmbcu.pl\/strona\/wp-content\/uploads\/2016\/03\/4-5.jpg\" title=\"4\" alt=\"4\" class=\"motopress-image-obj-basic mpce-dsbl-margin-left mpce-dsbl-margin-right mpce-dsbl-margin-top mpce-dsbl-margin-bottom\" \/><\/div>\n<\/div>\n<\/div>\n<div class=\"mp-row-fluid motopress-row mpce-dsbl-margin-left mpce-dsbl-margin-right\">\n<div class=\"mp-span12 motopress-clmn  mpce-dsbl-margin-left mpce-dsbl-margin-right\">\n<div class=\"mp-row-fluid motopress-row mpce-dsbl-margin-left mpce-dsbl-margin-right\">\n<div class=\"mp-span12 motopress-clmn mpce-dsbl-margin-left mpce-dsbl-margin-right  motopress-space\" style=\"min-height: 40px;\">\n<div class=\"motopress-space-obj mpce-dsbl-background-image-type mpce-dsbl-background-image mpce-dsbl-background-gradient mpce-dsbl-background-position mpce-dsbl-background-position-x mpce-dsbl-background-position-y mpce-dsbl-background-repeat mpce-dsbl-background-size mpce-dsbl-background-attachment mpce-dsbl-margin-left mpce-dsbl-margin-right mpce-dsbl-background-color mpce-dsbl-border-top-width mpce-dsbl-border-bottom-width mpce-dsbl-border-left-width mpce-dsbl-border-right-width mpce-dsbl-border-top-left-radius mpce-dsbl-border-top-right-radius mpce-dsbl-border-bottom-left-radius mpce-dsbl-border-bottom-right-radius mpce-dsbl-border-style mpce-dsbl-border-color mpce-dsbl-padding-left mpce-dsbl-padding-right mpce-dsbl-margin-top mpce-dsbl-margin-bottom mpce-dsbl-color\">\n<div><\/div>\n<\/div>\n<\/div>\n<\/div>\n<div class=\"mp-row-fluid motopress-row mpce-dsbl-margin-left mpce-dsbl-margin-right\">\n<div class=\"mp-span12 motopress-clmn mpce-dsbl-margin-left mpce-dsbl-margin-right\">\n<div class=\"motopress-text-obj\">\n<p style=\"font-family: Arial, sans-serif; font-size: 14px; font-style: normal; font-weight: normal; color: #777777; line-height: 21px; text-align: center;\"><strong style=\"font-size: 14px;\">Profesjonalizm\u00a0<\/strong><\/p>\n<p style=\"font-family: Arial, sans-serif; font-size: 14px; font-style: normal; font-weight: normal; color: #777777; line-height: 21px; text-align: center;\">Zapewniamy swoim Klientom obs\u0142ug\u0119 najwy\u017cszej jako\u015bci. Cechuje nas profesjonalizm i perfekcjonizm. Zadowolenie klikenta jest dla<br \/>\nnas najwa\u017cniejsze, dlatego dbamy o:<\/p>\n<ul style=\"font-family: Arial, sans-serif; font-size: 14px; font-style: normal; font-weight: normal; color: #777777; line-height: 21px;\">\n<li style=\"font-size: 14px; text-align: left;\"><span style=\"font-size: 14px; line-height: 1.5;\">Indywidualn\u0105 ofert\u0119 dobran\u0105 do potrzeb klienta, oferta zawsze szyta na miar\u0119<\/span><\/li>\n<li style=\"font-size: 14px; text-align: left;\"><span style=\"font-size: 14px; line-height: 1.5;\">Przypominamy o zbli\u017caj\u0105cych si\u0119 terminach ko\u0144cz\u0105cych si\u0119 ubezpiecze\u0144<\/span><\/li>\n<li style=\"font-size: 14px; text-align: left;\"><span style=\"font-size: 14px; line-height: 1.5;\">Prowadzimy kompleksowe rozwi\u0105zania ( wszystkie mo\u017cliwe rodzaje ubezpiecze\u0144 i wi\u0119kszo\u015b\u0107 Towarzystw ubezpieczeniowych<\/span><\/li>\n<li style=\"font-size: 14px; text-align: left;\"><span style=\"font-size: 14px; line-height: 1.5;\">Doradzamy i podpowiadamy o sposobach likwidacji szk\u00f3d i t\u0142umaczymy zakres posiadanych produkt\u00f3w ubezpieczeniowych<\/span><\/li>\n<\/ul>\n<\/div>\n<\/div>\n<\/div>\n<div class=\"mp-row-fluid motopress-row mpce-dsbl-margin-left mpce-dsbl-margin-right\">\n<div class=\"mp-span12 motopress-clmn mpce-dsbl-margin-left mpce-dsbl-margin-right\">\n<div class=\"motopress-image-obj motopress-text-align-left\"><img decoding=\"async\" src=\"http:\/\/pmbcu.pl\/strona\/wp-content\/uploads\/2016\/03\/2-6.jpg\" title=\"2\" alt=\"2\" class=\"motopress-image-obj-basic mpce-dsbl-margin-left mpce-dsbl-margin-right mpce-dsbl-margin-top mpce-dsbl-margin-bottom\" \/><\/div>\n<\/div>\n<\/div>\n<div class=\"mp-row-fluid motopress-row mpce-dsbl-margin-left mpce-dsbl-margin-right\">\n<div class=\"mp-span12 motopress-clmn mpce-dsbl-margin-left mpce-dsbl-margin-right  motopress-space\" style=\"min-height: 40px;\">\n<div class=\"motopress-space-obj mpce-dsbl-background-image-type mpce-dsbl-background-image mpce-dsbl-background-gradient mpce-dsbl-background-position mpce-dsbl-background-position-x mpce-dsbl-background-position-y mpce-dsbl-background-repeat mpce-dsbl-background-size mpce-dsbl-background-attachment mpce-dsbl-margin-left mpce-dsbl-margin-right mpce-dsbl-background-color mpce-dsbl-border-top-width mpce-dsbl-border-bottom-width mpce-dsbl-border-left-width mpce-dsbl-border-right-width mpce-dsbl-border-top-left-radius mpce-dsbl-border-top-right-radius mpce-dsbl-border-bottom-left-radius mpce-dsbl-border-bottom-right-radius mpce-dsbl-border-style mpce-dsbl-border-color mpce-dsbl-padding-left mpce-dsbl-padding-right mpce-dsbl-margin-top mpce-dsbl-margin-bottom mpce-dsbl-color\">\n<div><\/div>\n<\/div>\n<\/div>\n<\/div>\n<div class=\"mp-row-fluid motopress-row mpce-dsbl-margin-left mpce-dsbl-margin-right\">\n<div class=\"mp-span12 motopress-clmn mpce-dsbl-margin-left mpce-dsbl-margin-right\">\n<div class=\"motopress-text-obj\">\n<p style=\"font-family: Arial, sans-serif; font-size: 14px; font-style: normal; font-weight: normal; color: #777777; line-height: 21px; text-align: center;\"><strong style=\"font-size: 14px;\">Najni\u017csze ceny<\/strong><\/p>\n<p style=\"text-align: center;\">Dzi\u0119ki z sieciowanej strukturze jeste\u015bmy wstanie zaproponowa\u0107 klientowi bardzo wysokie rabaty, dzi\u0119ki zrzeszeniu si\u0119 w du\u017c\u0105 grup\u0119 biur<br \/>\nubezpieczeniowych mamy wynegocjowane lepsze rabaty i wi\u0119ksze mo\u017cliwo\u015bci wp\u0142yni\u0119cia na cen\u0119 np:<\/p>\n<ul style=\"font-size: 14px;\">\n<li style=\"font-size: 14px;\"><span style=\"font-size: 14px; line-height: 1.5;\">OC komunikacyjnym dodatkowe 15% ( 60%+15% rabatu)<\/span><\/li>\n<li style=\"font-size: 14px;\"><span style=\"font-size: 14px; line-height: 1.5;\">Polisy mieszkaniowe do 80% \u0142\u0105cznego rabatu( 50%+30%)<\/span><\/li>\n<li style=\"font-size: 14px;\"><span style=\"font-size: 14px; line-height: 1.5;\">Auto Casco ( 60%+18%+15% rabatu)<\/span><\/li>\n<\/ul>\n<\/div>\n<\/div>\n<\/div>\n<div class=\"mp-row-fluid motopress-row mpce-dsbl-margin-left mpce-dsbl-margin-right\">\n<div class=\"mp-span12 motopress-clmn mpce-dsbl-margin-left mpce-dsbl-margin-right\">\n<div class=\"motopress-image-obj motopress-text-align-left\"><img decoding=\"async\" src=\"http:\/\/pmbcu.pl\/strona\/wp-content\/uploads\/2016\/03\/3-5.jpg\" title=\"3\" alt=\"3\" class=\"motopress-image-obj-basic mpce-dsbl-margin-left mpce-dsbl-margin-right mpce-dsbl-margin-top mpce-dsbl-margin-bottom\" \/><\/div>\n<\/div>\n<\/div>\n<div class=\"mp-row-fluid motopress-row mpce-dsbl-margin-left mpce-dsbl-margin-right\">\n<div class=\"mp-span12 motopress-clmn mpce-dsbl-margin-left mpce-dsbl-margin-right  motopress-space\">\n<div class=\"motopress-space-obj mpce-dsbl-background-image-type mpce-dsbl-background-image mpce-dsbl-background-gradient mpce-dsbl-background-position mpce-dsbl-background-position-x mpce-dsbl-background-position-y mpce-dsbl-background-repeat mpce-dsbl-background-size mpce-dsbl-background-attachment mpce-dsbl-margin-left mpce-dsbl-margin-right mpce-dsbl-background-color mpce-dsbl-border-top-width mpce-dsbl-border-bottom-width mpce-dsbl-border-left-width mpce-dsbl-border-right-width mpce-dsbl-border-top-left-radius mpce-dsbl-border-top-right-radius mpce-dsbl-border-bottom-left-radius mpce-dsbl-border-bottom-right-radius mpce-dsbl-border-style mpce-dsbl-border-color mpce-dsbl-padding-left mpce-dsbl-padding-right mpce-dsbl-margin-top mpce-dsbl-margin-bottom mpce-dsbl-color\">\n<div><\/div>\n<\/div>\n<\/div>\n<\/div>\n<div class=\"mp-row-fluid motopress-row mpce-dsbl-margin-left mpce-dsbl-margin-right\">\n<div class=\"mp-span12 motopress-clmn mpce-dsbl-margin-left mpce-dsbl-margin-right\">\n<div class=\"motopress-text-obj\">\n<p style=\"font-size: 14px; text-align: center;\"><strong style=\"font-size: 14px;\">Dojazd do klienta<\/strong><\/p>\n<p>&nbsp;<\/p>\n<p style=\"text-align: center;\">Klient jest dla nas najwa\u017cniejszy dlatego dow\u00f3z polisy jest dla nas standardem, dla wygody klienta polisowanie mo\u017ce odbywa\u0107 si\u0119 u klienta w domu<br \/>\nb\u0105d\u017a w firmie<\/p>\n<\/div>\n<\/div>\n<\/div>\n<div class=\"mp-row-fluid motopress-row mpce-dsbl-margin-left mpce-dsbl-margin-right\">\n<div class=\"mp-span12 motopress-clmn mpce-dsbl-margin-left mpce-dsbl-margin-right\">\n<div class=\"motopress-image-obj motopress-text-align-left\"><img decoding=\"async\" src=\"http:\/\/pmbcu.pl\/strona\/wp-content\/uploads\/2016\/03\/1-5.jpg\" title=\"1\" alt=\"1\" class=\"motopress-image-obj-basic mpce-dsbl-margin-left mpce-dsbl-margin-right mpce-dsbl-margin-top mpce-dsbl-margin-bottom\" \/><\/div>\n<\/div>\n<\/div>\n<div class=\"mp-row-fluid motopress-row mpce-dsbl-margin-left mpce-dsbl-margin-right\">\n<div class=\"mp-span12 motopress-clmn mpce-dsbl-margin-left mpce-dsbl-margin-right  motopress-space\" style=\"min-height: 50px;\">\n<div class=\"motopress-space-obj mpce-dsbl-background-image-type mpce-dsbl-background-image mpce-dsbl-background-gradient mpce-dsbl-background-position mpce-dsbl-background-position-x mpce-dsbl-background-position-y mpce-dsbl-background-repeat mpce-dsbl-background-size mpce-dsbl-background-attachment mpce-dsbl-margin-left mpce-dsbl-margin-right mpce-dsbl-background-color mpce-dsbl-border-top-width mpce-dsbl-border-bottom-width mpce-dsbl-border-left-width mpce-dsbl-border-right-width mpce-dsbl-border-top-left-radius mpce-dsbl-border-top-right-radius mpce-dsbl-border-bottom-left-radius mpce-dsbl-border-bottom-right-radius mpce-dsbl-border-style mpce-dsbl-border-color mpce-dsbl-padding-left mpce-dsbl-padding-right mpce-dsbl-margin-top mpce-dsbl-margin-bottom mpce-dsbl-color\">\n<div><\/div>\n<\/div>\n<\/div>\n<\/div>\n<div class=\"mp-row-fluid motopress-row mpce-dsbl-margin-left mpce-dsbl-margin-right\">\n<div class=\"mp-span12 motopress-clmn mpce-dsbl-margin-left mpce-dsbl-margin-right\">\n<div class=\"motopress-text-obj\">\n<p style=\"text-align: center;\"><strong>Partnerzy:<\/strong><\/p>\n<\/div>\n<\/div>\n<\/div>\n<\/div>\n<\/div>\n<div class=\"mp-row-fluid motopress-row mpce-dsbl-margin-left mpce-dsbl-margin-right\">\n<div class=\"mp-span3 motopress-clmn  mpce-dsbl-margin-left mpce-dsbl-margin-right  motopress-empty mp-hidden-phone\">\n<\/div>\n<div class=\"mp-span6 motopress-clmn  mpce-dsbl-margin-left mpce-dsbl-margin-right\">\n<p class=\"motopress-hide-script\"><script type=\"text\/javascript\">\n\t\t\t\t\tjQuery(document).ready(function($) {\n\t\t\t\t\t\tvar mpImageSlider = $(\".motopress-image-slider-obj#69f2533aaa5ed\");\n\t\t\t\t\t\tif (mpImageSlider.data(\"flexslider\")) {\n\t\t\t\t\t\t\tmpImageSlider.flexslider(\"destroy\");\n\t\t\t\t\t\t}\n\t\t\t\t\t\tif (!true) mpImageSlider.css(\"margin-bottom\", 0);\n\t\t\t\t\t\tmpImageSlider.flexslider({\n\t\t\t\t\t\t\tslideshow: true,\n\t\t\t\t\t\t\tanimation: \"fade\",\n\t\t\t\t\t\t\tcontrolNav: true,\n\t\t\t\t\t\t\tslideshowSpeed: 7000,\n\t\t\t\t\t\t\tanimationSpeed: 600,\n\t\t\t\t\t\t\tsmoothHeight: false,\n\t\t\t\t\t\t\tkeyboard: true\n\t\t\t\t\t\t});\n\t\t\t\t\t});\n\t\t\t\t<\/script><\/p>\n<div class=\"motopress-image-slider-obj motopress-flexslider mp-flexslider-obj flexslider\" id=\"69f2533aaa5ed\">\n<ul class=\"slides\">\n<li><img decoding=\"async\" src=\"http:\/\/pmbcu.pl\/strona\/wp-content\/uploads\/2016\/03\/1-4.jpg\" title=\"1\" alt=\"1\" \/><\/li>\n<li><img decoding=\"async\" src=\"http:\/\/pmbcu.pl\/strona\/wp-content\/uploads\/2016\/03\/2-5.jpg\" title=\"2\" alt=\"2\" \/><\/li>\n<li><img decoding=\"async\" src=\"http:\/\/pmbcu.pl\/strona\/wp-content\/uploads\/2016\/03\/3-4.jpg\" title=\"3\" alt=\"3\" \/><\/li>\n<li><img decoding=\"async\" src=\"http:\/\/pmbcu.pl\/strona\/wp-content\/uploads\/2016\/03\/4-4.jpg\" title=\"4\" alt=\"4\" \/><\/li>\n<li><img decoding=\"async\" src=\"http:\/\/pmbcu.pl\/strona\/wp-content\/uploads\/2016\/03\/5-2.jpg\" title=\"5\" alt=\"5\" \/><\/li>\n<\/ul>\n<\/div>\n<\/div>\n<div class=\"mp-span3 motopress-clmn  mpce-dsbl-margin-left mpce-dsbl-margin-right  motopress-empty mp-hidden-phone\">\n<\/div>\n<\/div>\n","protected":false},"excerpt":{"rendered":"Oferta PMB Centrum Ubezpiecze\u0144\u00a0 Kierujemy nasz\u0105 ofert\u0119 zar\u00f3wno do os\u00f3b prywatnych jak i do przedsi\u0119biorc\u00f3w ma\u0142ych i du\u017cych, dzi\u0119ki wsp\u00f3\u0142pracy z wi\u0119kszo\u015bci\u0105 towarzystw ubezpieczeniowych w Polsce, posiadamy olbrzymi wachlarz produkt\u00f3w ubezpieczeniowych. A o to nasza oferta: Ubezpieczenia Indywidualne ubezpieczenia komunikacyjne&hellip; ","protected":false},"author":1,"featured_media":0,"parent":0,"menu_order":0,"comment_status":"closed","ping_status":"closed","template":"","meta":[],"_links":{"self":[{"href":"http:\/\/pmbcu.pl\/strona\/wp-json\/wp\/v2\/pages\/12"}],"collection":[{"href":"http:\/\/pmbcu.pl\/strona\/wp-json\/wp\/v2\/pages"}],"about":[{"href":"http:\/\/pmbcu.pl\/strona\/wp-json\/wp\/v2\/types\/page"}],"author":[{"embeddable":true,"href":"http:\/\/pmbcu.pl\/strona\/wp-json\/wp\/v2\/users\/1"}],"replies":[{"embeddable":true,"href":"http:\/\/pmbcu.pl\/strona\/wp-json\/wp\/v2\/comments?post=12"}],"version-history":[{"count":29,"href":"http:\/\/pmbcu.pl\/strona\/wp-json\/wp\/v2\/pages\/12\/revisions"}],"predecessor-version":[{"id":483,"href":"http:\/\/pmbcu.pl\/strona\/wp-json\/wp\/v2\/pages\/12\/revisions\/483"}],"wp:attachment":[{"href":"http:\/\/pmbcu.pl\/strona\/wp-json\/wp\/v2\/media?parent=12"}],"curies":[{"name":"wp","href":"https:\/\/api.w.org\/{rel}","templated":true}]}}