{"id":180,"date":"2017-04-28T13:59:10","date_gmt":"2017-04-28T11:59:10","guid":{"rendered":"http:\/\/pmbcu.pl\/strona\/?page_id=180"},"modified":"2017-04-28T20:50:38","modified_gmt":"2017-04-28T18:50:38","slug":"180-2","status":"publish","type":"page","link":"https:\/\/pmbcu.pl\/strona\/180-2\/","title":{"rendered":"warta spos\u00f3b na raka"},"content":{"rendered":"<div class=\"mp-row-fluid motopress-row mpce-dsbl-margin-left mpce-dsbl-margin-right\">\n<div class=\"mp-span12 motopress-clmn  mpce-dsbl-margin-left mpce-dsbl-margin-right\">\n<div class=\"motopress-image-obj motopress-text-align-left\"><img decoding=\"async\" src=\"https:\/\/pmbcu.pl\/strona\/wp-content\/uploads\/2017\/04\/pocz\u0105tek.jpg\" title=\"pocz\u0105tek\" alt=\"pocz\u0105tek\" class=\"motopress-image-obj-basic mpce-dsbl-margin-left mpce-dsbl-margin-right mpce-dsbl-margin-top mpce-dsbl-margin-bottom\" \/><\/div>\n<\/div>\n<\/div>\n<div class=\"mp-row-fluid motopress-row mpce-dsbl-margin-left mpce-dsbl-margin-right\">\n<div class=\"mp-span12 motopress-clmn  mpce-dsbl-margin-left mpce-dsbl-margin-right\">\n<div class=\"mp-row-fluid motopress-row mpce-dsbl-margin-left mpce-dsbl-margin-right\">\n<div class=\"mp-span12 motopress-clmn mpce-dsbl-margin-left mpce-dsbl-margin-right\">\n<div class=\"motopress-image-obj motopress-text-align-left\"><img decoding=\"async\" src=\"https:\/\/pmbcu.pl\/strona\/wp-content\/uploads\/2017\/04\/ILO\u015a\u0106-CHORYCH.jpg\" title=\"ILO\u015a\u0106 CHORYCH\" alt=\"ILO\u015a\u0106 CHORYCH\" class=\"motopress-image-obj-basic mpce-dsbl-margin-left mpce-dsbl-margin-right mpce-dsbl-margin-top mpce-dsbl-margin-bottom\" \/><\/div>\n<\/div>\n<\/div>\n<div class=\"mp-row-fluid motopress-row mpce-dsbl-margin-left mpce-dsbl-margin-right\">\n<div class=\"mp-span12 motopress-clmn mpce-dsbl-margin-left mpce-dsbl-margin-right  motopress-space\">\n<div class=\"motopress-space-obj mpce-dsbl-background-image-type mpce-dsbl-background-image mpce-dsbl-background-gradient mpce-dsbl-background-position mpce-dsbl-background-position-x mpce-dsbl-background-position-y mpce-dsbl-background-repeat mpce-dsbl-background-size mpce-dsbl-background-attachment mpce-dsbl-margin-left mpce-dsbl-margin-right mpce-dsbl-background-color mpce-dsbl-border-top-width mpce-dsbl-border-bottom-width mpce-dsbl-border-left-width mpce-dsbl-border-right-width mpce-dsbl-border-top-left-radius mpce-dsbl-border-top-right-radius mpce-dsbl-border-bottom-left-radius mpce-dsbl-border-bottom-right-radius mpce-dsbl-border-style mpce-dsbl-border-color mpce-dsbl-padding-left mpce-dsbl-padding-right mpce-dsbl-margin-top mpce-dsbl-margin-bottom mpce-dsbl-color\">\n<div><\/div>\n<\/div>\n<\/div>\n<\/div>\n<\/div>\n<\/div>\n<div class=\"mp-row-fluid motopress-row mpce-dsbl-margin-left mpce-dsbl-margin-right\">\n<div class=\"mp-span6 motopress-clmn  mpce-dsbl-margin-left mpce-dsbl-margin-right\">\n<div class=\"motopress-text-obj\">\n<p>&nbsp;<\/p>\n<p style=\"language: pl; margin-top: 5.76pt; margin-bottom: 0pt; margin-left: .38in; text-indent: -.38in; text-align: center; direction: ltr; unicode-bidi: embed; vertical-align: baseline; mso-line-break-override: restrictions; word-break: normal; punctuation-wrap: simple;\"><span style=\"font-size: 24.0pt; font-family: Arial; mso-ascii-font-family: Arial; mso-fareast-font-family: +mn-ea; mso-bidi-font-family: +mn-cs; color: #052356; language: pl; font-weight: bold;\"><span style=\"mso-spacerun: yes;\">&nbsp; <\/span><\/span><span style=\"font-size: 18.0pt; font-family: Arial; mso-ascii-font-family: Arial; mso-fareast-font-family: +mn-ea; mso-bidi-font-family: Arial; color: #002060; mso-font-kerning: 12.0pt; language: pl; font-weight: bold;\">&bdquo;\u017bycie i zdrowie to dary bezcenne&rdquo;<\/span><\/p>\n<p style=\"language: pl; margin-top: 5.76pt; margin-bottom: 0pt; margin-left: .38in; text-indent: -.38in; text-align: center; direction: ltr; unicode-bidi: embed; vertical-align: baseline; mso-line-break-override: restrictions; word-break: normal; punctuation-wrap: simple;\">&nbsp;<\/p>\n<p style=\"language: pl; margin-top: 5.76pt; margin-bottom: 0pt; margin-left: .38in; text-indent: -.38in; text-align: center; direction: ltr; unicode-bidi: embed; vertical-align: baseline; mso-line-break-override: restrictions; word-break: normal; punctuation-wrap: simple;\"><span style=\"font-size: 24.0pt; font-family: Arial; mso-ascii-font-family: Arial; mso-fareast-font-family: +mn-ea; mso-bidi-font-family: +mn-cs; color: #c00000; language: pl; font-weight: bold;\">WARTA SPOS&Oacute;B NA RAKA<\/span><span style=\"font-size: 24.0pt; font-family: Arial; mso-ascii-font-family: Arial; mso-fareast-font-family: +mn-ea; mso-bidi-font-family: +mn-cs; color: #c00000; language: pl;\">:<\/span><\/p>\n<p style=\"language: pl; margin-top: 5.76pt; margin-bottom: 0pt; margin-left: .38in; text-indent: -.38in; text-align: center; direction: ltr; unicode-bidi: embed; vertical-align: baseline; mso-line-break-override: restrictions; word-break: normal; punctuation-wrap: simple;\"><span style=\"font-size: 24.0pt; font-family: Arial; mso-ascii-font-family: Arial; mso-fareast-font-family: +mn-ea; mso-bidi-font-family: +mn-cs; color: #052356; language: pl;\"><span style=\"mso-spacerun: yes;\">&nbsp; <\/span><\/span><span style=\"font-size: 18px;\"><span style=\"font-family: Arial; color: #002060;\">to produkt ochronny, daj\u0105cy Klientowi gwarancj\u0119 bezpiecze\u0144stwa finansowego, <\/span><span style=\"font-family: Arial; color: #003366;\">dla niego&nbsp;<br \/>\noraz <\/span><span style=\"font-family: Arial; color: #003366;\">jego <\/span><span style=\"font-family: Arial; color: #003366;\">najbli\u017cszych, <\/span><span style=\"font-family: Arial; color: #002060;\">w przypadku zaistnienia choroby nowotworowej<\/span><\/span><\/p>\n<\/div>\n<\/div>\n<div class=\"mp-span6 motopress-clmn  mpce-dsbl-margin-left mpce-dsbl-margin-right\">\n<div class=\"motopress-image-obj motopress-text-align-left\"><a href=\"https:\/\/pmbcu.pl\/strona\/wp-content\/uploads\/2017\/04\/Obraz1-1.jpg\" rel=\"\" target=\"_self\"><img decoding=\"async\" src=\"https:\/\/pmbcu.pl\/strona\/wp-content\/uploads\/2017\/04\/Obraz1-1.jpg\" title=\"Obraz1\" alt=\"Obraz1\" class=\"motopress-image-obj-basic mpce-dsbl-margin-left mpce-dsbl-margin-right mpce-dsbl-margin-top mpce-dsbl-margin-bottom\" \/><\/a><\/p>\n<p class=\"motopress-image-caption\">\n<\/div>\n<\/div>\n<\/div>\n<div class=\"mp-row-fluid motopress-row mpce-dsbl-margin-left mpce-dsbl-margin-right\">\n<div class=\"mp-span12 motopress-clmn  mpce-dsbl-margin-left mpce-dsbl-margin-right\">\n<div class=\"mp-row-fluid motopress-row mpce-dsbl-margin-left mpce-dsbl-margin-right\">\n<div class=\"mp-span12 motopress-clmn mpce-dsbl-margin-left mpce-dsbl-margin-right\">\n<div class=\"motopress-text-obj\">\n<h2><span style=\"color: #800000;\"><strong>WARTA SPOS&Oacute;B NA RAKA TO:<br \/>\n<\/strong><\/span><\/h2>\n<\/div>\n<\/div>\n<\/div>\n<div class=\"mp-row-fluid motopress-row mpce-dsbl-margin-left mpce-dsbl-margin-right\">\n<div class=\"mp-span2 motopress-clmn mpce-dsbl-margin-left mpce-dsbl-margin-right\">\n<div class=\"motopress-image-obj motopress-text-align-left\"><img decoding=\"async\" src=\"https:\/\/pmbcu.pl\/strona\/wp-content\/uploads\/2017\/04\/ochrona.jpg\" title=\"ochrona\" alt=\"ochrona\" class=\"motopress-image-obj-basic mpce-dsbl-margin-left mpce-dsbl-margin-right mpce-dsbl-margin-top mpce-dsbl-margin-bottom\" \/><\/div>\n<\/div>\n<div class=\"mp-span10 motopress-clmn mpce-dsbl-margin-left mpce-dsbl-margin-right\">\n<div class=\"motopress-text-obj\">\n<p style=\"text-align: justify;\"><strong><span style=\"font-size: 16px; color: #993300;\">DWIE OPCJE OCHRONY<\/span><\/strong><br \/>\n<span style=\"font-size: 14px; color: #000000;\">Suma ubezpieczenia (SU) w produkcie WARTA SPOS\u00d3B NA RAKA jest ustalana indywidualnie i mo\u017ce wynie\u015b\u0107 <\/span><span style=\"font-size: 14px; color: #000000;\">od 30 000 z\u0142 do 200 000 z\u0142. Sk\u0142adka zale\u017cy od wybranej opcji, sumy ubezpieczenia oraz wieku osoby ubezpieczonej.<\/span><br \/>\n<span style=\"font-size: 14px; color: #000000;\">Umowa zawierana jest na okres 5 lat i mo\u017ce by\u0107 przed\u0142u\u017cana na kolejne 5-letnie okresy. Pe\u0142na ochrona w zakresie <\/span><span style=\"font-size: 14px; color: #000000;\">zdarze\u0144 obj\u0119tych ubezpieczeniem rozpoczyna si\u0119 po 6 miesi\u0105cach od daty zawarcia umowy.<\/span><\/p>\n<\/div>\n<\/div>\n<\/div>\n<div class=\"mp-row-fluid motopress-row mpce-dsbl-margin-left mpce-dsbl-margin-right\">\n<div class=\"mp-span12 motopress-clmn mpce-dsbl-margin-left mpce-dsbl-margin-right  motopress-space\">\n<div class=\"motopress-space-obj mpce-dsbl-background-image-type mpce-dsbl-background-image mpce-dsbl-background-gradient mpce-dsbl-background-position mpce-dsbl-background-position-x mpce-dsbl-background-position-y mpce-dsbl-background-repeat mpce-dsbl-background-size mpce-dsbl-background-attachment mpce-dsbl-margin-left mpce-dsbl-margin-right mpce-dsbl-background-color mpce-dsbl-border-top-width mpce-dsbl-border-bottom-width mpce-dsbl-border-left-width mpce-dsbl-border-right-width mpce-dsbl-border-top-left-radius mpce-dsbl-border-top-right-radius mpce-dsbl-border-bottom-left-radius mpce-dsbl-border-bottom-right-radius mpce-dsbl-border-style mpce-dsbl-border-color mpce-dsbl-padding-left mpce-dsbl-padding-right mpce-dsbl-margin-top mpce-dsbl-margin-bottom mpce-dsbl-color\">\n<div><\/div>\n<\/div>\n<\/div>\n<\/div>\n<div class=\"mp-row-fluid motopress-row mpce-dsbl-margin-left mpce-dsbl-margin-right\">\n<div class=\"mp-span12 motopress-clmn mpce-dsbl-margin-left mpce-dsbl-margin-right\">\n<div class=\"motopress-image-obj motopress-text-align-left\"><img decoding=\"async\" src=\"https:\/\/pmbcu.pl\/strona\/wp-content\/uploads\/2017\/04\/RAK-TAB2.jpg\" title=\"RAK TAB2\" alt=\"RAK TAB2\" class=\"motopress-image-obj-basic mpce-dsbl-margin-left mpce-dsbl-margin-right mpce-dsbl-margin-top mpce-dsbl-margin-bottom\" \/><\/div>\n<\/div>\n<\/div>\n<\/div>\n<\/div>\n<div class=\"mp-row-fluid motopress-row mpce-dsbl-margin-left mpce-dsbl-margin-right\">\n<div class=\"mp-span12 motopress-clmn  mpce-dsbl-margin-left mpce-dsbl-margin-right  motopress-space\" style=\"min-height: 50px;\">\n<div class=\"motopress-space-obj mpce-dsbl-background-image-type mpce-dsbl-background-image mpce-dsbl-background-gradient mpce-dsbl-background-position mpce-dsbl-background-position-x mpce-dsbl-background-position-y mpce-dsbl-background-repeat mpce-dsbl-background-size mpce-dsbl-background-attachment mpce-dsbl-margin-left mpce-dsbl-margin-right mpce-dsbl-background-color mpce-dsbl-border-top-width mpce-dsbl-border-bottom-width mpce-dsbl-border-left-width mpce-dsbl-border-right-width mpce-dsbl-border-top-left-radius mpce-dsbl-border-top-right-radius mpce-dsbl-border-bottom-left-radius mpce-dsbl-border-bottom-right-radius mpce-dsbl-border-style mpce-dsbl-border-color mpce-dsbl-padding-left mpce-dsbl-padding-right mpce-dsbl-margin-top mpce-dsbl-margin-bottom mpce-dsbl-color motopress-space-dotted\">\n<div><\/div>\n<\/div>\n<\/div>\n<\/div>\n<div class=\"mp-row-fluid motopress-row mpce-dsbl-margin-left mpce-dsbl-margin-right\">\n<div class=\"mp-span12 motopress-clmn  mpce-dsbl-margin-left mpce-dsbl-margin-right\">\n<div class=\"mp-row-fluid motopress-row mpce-dsbl-margin-left mpce-dsbl-margin-right\">\n<div class=\"mp-span12 motopress-clmn mpce-dsbl-margin-left mpce-dsbl-margin-right\">\n<div class=\"motopress-image-obj motopress-text-align-left\"><img decoding=\"async\" src=\"https:\/\/pmbcu.pl\/strona\/wp-content\/uploads\/2017\/04\/POMOC.jpg\" title=\"POMOC\" alt=\"POMOC\" class=\"motopress-image-obj-basic mpce-dsbl-margin-left mpce-dsbl-margin-right mpce-dsbl-margin-top mpce-dsbl-margin-bottom\" \/><\/div>\n<\/div>\n<\/div>\n<div class=\"mp-row-fluid motopress-row mpce-dsbl-margin-left mpce-dsbl-margin-right\">\n<div class=\"mp-span12 motopress-clmn mpce-dsbl-margin-left mpce-dsbl-margin-right  motopress-space\">\n<div class=\"motopress-space-obj mpce-dsbl-background-image-type mpce-dsbl-background-image mpce-dsbl-background-gradient mpce-dsbl-background-position mpce-dsbl-background-position-x mpce-dsbl-background-position-y mpce-dsbl-background-repeat mpce-dsbl-background-size mpce-dsbl-background-attachment mpce-dsbl-margin-left mpce-dsbl-margin-right mpce-dsbl-background-color mpce-dsbl-border-top-width mpce-dsbl-border-bottom-width mpce-dsbl-border-left-width mpce-dsbl-border-right-width mpce-dsbl-border-top-left-radius mpce-dsbl-border-top-right-radius mpce-dsbl-border-bottom-left-radius mpce-dsbl-border-bottom-right-radius mpce-dsbl-border-style mpce-dsbl-border-color mpce-dsbl-padding-left mpce-dsbl-padding-right mpce-dsbl-margin-top mpce-dsbl-margin-bottom mpce-dsbl-color motopress-space-dotted\">\n<div><\/div>\n<\/div>\n<\/div>\n<\/div>\n<\/div>\n<\/div>\n<div class=\"mp-row-fluid motopress-row mpce-dsbl-margin-left mpce-dsbl-margin-right\">\n<div class=\"mp-span12 motopress-clmn  mpce-dsbl-margin-left mpce-dsbl-margin-right\">\n<div class=\"motopress-image-obj motopress-text-align-left\"><img decoding=\"async\" src=\"https:\/\/pmbcu.pl\/strona\/wp-content\/uploads\/2017\/04\/1254-1.jpg\" title=\"1254\" alt=\"1254\" class=\"motopress-image-obj-basic mpce-dsbl-margin-left mpce-dsbl-margin-right mpce-dsbl-margin-top mpce-dsbl-margin-bottom\" \/><\/div>\n<\/div>\n<\/div>\n<div class=\"mp-row-fluid motopress-row mpce-dsbl-margin-left mpce-dsbl-margin-right\">\n<div class=\"mp-span12 motopress-clmn  mpce-dsbl-margin-left mpce-dsbl-margin-right\">\n<div class=\"motopress-text-obj\">\n<p><span style=\"color: #800000; font-size: 24px;\"><strong>Zadzwo\u0144 i sprawd\u017a ofert\u0119 dla siebie. Przyjedziemy do pa\u0144stwa.<\/strong><\/span><\/p>\n<\/div>\n<\/div>\n<\/div>\n<div class=\"mp-row-fluid motopress-row mpce-dsbl-margin-left mpce-dsbl-margin-right\">\n<div class=\"mp-span2 motopress-clmn  mpce-dsbl-margin-left mpce-dsbl-margin-right\">\n<div class=\"motopress-image-obj motopress-text-align-left\"><img decoding=\"async\" src=\"https:\/\/pmbcu.pl\/strona\/wp-content\/uploads\/2017\/03\/PREZECS-150x150.jpg\" title=\"PREZECS\" alt=\"PREZECS\" class=\"motopress-image-obj-basic mpce-dsbl-margin-left mpce-dsbl-margin-right mpce-dsbl-margin-top mpce-dsbl-margin-bottom\" \/><\/div>\n<\/div>\n<div class=\"mp-span7 motopress-clmn  mpce-dsbl-margin-left mpce-dsbl-margin-right\">\n<div class=\"mp-row-fluid motopress-row mpce-dsbl-margin-left mpce-dsbl-margin-right\">\n<div class=\"mp-span12 motopress-clmn mpce-dsbl-margin-left mpce-dsbl-margin-right\">\n<div class=\"motopress-text-obj\">\n<h4>Piotr Bucki- mobilny agent ubezpieczeniowy<\/h4>\n<\/div>\n<\/div>\n<\/div>\n<div class=\"mp-row-fluid motopress-row mpce-dsbl-margin-left mpce-dsbl-margin-right\">\n<div class=\"mp-span12 motopress-clmn mpce-dsbl-margin-left mpce-dsbl-margin-right  motopress-space\">\n<div class=\"motopress-space-obj mpce-dsbl-background-image-type mpce-dsbl-background-image mpce-dsbl-background-gradient mpce-dsbl-background-position mpce-dsbl-background-position-x mpce-dsbl-background-position-y mpce-dsbl-background-repeat mpce-dsbl-background-size mpce-dsbl-background-attachment mpce-dsbl-margin-left mpce-dsbl-margin-right mpce-dsbl-background-color mpce-dsbl-border-top-width mpce-dsbl-border-bottom-width mpce-dsbl-border-left-width mpce-dsbl-border-right-width mpce-dsbl-border-top-left-radius mpce-dsbl-border-top-right-radius mpce-dsbl-border-bottom-left-radius mpce-dsbl-border-bottom-right-radius mpce-dsbl-border-style mpce-dsbl-border-color mpce-dsbl-padding-left mpce-dsbl-padding-right mpce-dsbl-margin-top mpce-dsbl-margin-bottom mpce-dsbl-color motopress-space-ridge\">\n<div><\/div>\n<\/div>\n<\/div>\n<\/div>\n<div class=\"mp-row-fluid motopress-row mpce-dsbl-margin-left mpce-dsbl-margin-right\">\n<div class=\"mp-span12 motopress-clmn mpce-dsbl-margin-left mpce-dsbl-margin-right\">\n<div class=\"motopress-service-box-obj motopress-service-box-heading-float motopress-service-box-basic\">\n<div class=\"motopress-service-box-icon-section motopress-service-box-small-icon\"  style=\" padding-left: 0px; padding-right: 10px; padding-top: 0px; padding-bottom: 0px;\">\n<div class=\"motopress-service-box-icon-holder\"  style=\" font-size: 35px;\"><i class=\"fa fa-phone mp-text-color-red\" ><\/i><\/div>\n<\/div>\n<div class=\"motopress-service-box-heading-section\">\n<h2> 665 321 032<\/h2>\n<\/div>\n<div class=\"motopress-service-box-content-section\">\n<\/div>\n<\/div>\n<\/div>\n<\/div>\n<div class=\"mp-row-fluid motopress-row mpce-dsbl-margin-left mpce-dsbl-margin-right\">\n<div class=\"mp-span12 motopress-clmn mpce-dsbl-margin-left mpce-dsbl-margin-right\">\n<div class=\"motopress-service-box-obj motopress-service-box-heading-float motopress-service-box-basic\">\n<div class=\"motopress-service-box-icon-section motopress-service-box-small-icon\"  style=\" padding-left: 0px; padding-right: 10px; padding-top: 0px; padding-bottom: 0px;\">\n<div class=\"motopress-service-box-icon-holder\"  style=\" font-size: 35px;\"><i class=\"fa fa-envelope mp-text-color-green-grass\" ><\/i><\/div>\n<\/div>\n<div class=\"motopress-service-box-heading-section\">\n<h4>pmb.ubezpieczenia@gmail.com<\/h4>\n<\/div>\n<div class=\"motopress-service-box-content-section\">\n<\/div>\n<\/div>\n<\/div>\n<\/div>\n<\/div>\n<div class=\"mp-span3 motopress-clmn  mpce-dsbl-margin-left mpce-dsbl-margin-right\">\n<div class=\"motopress-image-obj motopress-text-align-left\"><img decoding=\"async\" src=\"https:\/\/pmbcu.pl\/strona\/wp-content\/uploads\/2016\/03\/logo-e1458760587827.png\" title=\"logo\" alt=\"logo\" class=\"motopress-image-obj-basic mpce-dsbl-margin-left mpce-dsbl-margin-right mpce-dsbl-margin-top mpce-dsbl-margin-bottom\" \/><\/div>\n<\/div>\n<\/div>\n<div class=\"mp-row-fluid motopress-row mpce-dsbl-margin-left mpce-dsbl-margin-right\">\n<div class=\"mp-span12 motopress-clmn  mpce-dsbl-margin-left mpce-dsbl-margin-right  motopress-space\" style=\"min-height: 40px;\">\n<div class=\"motopress-space-obj mpce-dsbl-background-image-type mpce-dsbl-background-image mpce-dsbl-background-gradient mpce-dsbl-background-position mpce-dsbl-background-position-x mpce-dsbl-background-position-y mpce-dsbl-background-repeat mpce-dsbl-background-size mpce-dsbl-background-attachment mpce-dsbl-margin-left mpce-dsbl-margin-right mpce-dsbl-background-color mpce-dsbl-border-top-width mpce-dsbl-border-bottom-width mpce-dsbl-border-left-width mpce-dsbl-border-right-width mpce-dsbl-border-top-left-radius mpce-dsbl-border-top-right-radius mpce-dsbl-border-bottom-left-radius mpce-dsbl-border-bottom-right-radius mpce-dsbl-border-style mpce-dsbl-border-color mpce-dsbl-padding-left mpce-dsbl-padding-right mpce-dsbl-margin-top mpce-dsbl-margin-bottom mpce-dsbl-color motopress-space-dashed\">\n<div><\/div>\n<\/div>\n<\/div>\n<\/div>\n<div class=\"mp-row-fluid motopress-row mpce-dsbl-margin-left mpce-dsbl-margin-right\">\n<div class=\"mp-span12 motopress-clmn  mpce-dsbl-margin-left mpce-dsbl-margin-right\">\n<div class=\"mp-row-fluid motopress-row mpce-dsbl-margin-left mpce-dsbl-margin-right\">\n<div class=\"mp-span12 motopress-clmn mpce-dsbl-margin-left mpce-dsbl-margin-right\">\n<div class=\"motopress-text-obj\">\n<h1><span style=\"color: #800000;\"><strong>PRZYK\u0141ADOWE STAWKI ZA UBEZPIECZENIE<\/strong><\/span><\/h1>\n<\/div>\n<\/div>\n<\/div>\n<div class=\"mp-row-fluid motopress-row mpce-dsbl-margin-left mpce-dsbl-margin-right\">\n<div class=\"mp-span12 motopress-clmn mpce-dsbl-margin-left mpce-dsbl-margin-right\">\n<div class=\"motopress-image-obj motopress-text-align-left\"><img decoding=\"async\" src=\"https:\/\/pmbcu.pl\/strona\/wp-content\/uploads\/2017\/04\/RAK-STAWKI-PRZYK\u0141ADOWE.jpg\" title=\"RAK STAWKI PRZYK\u0141ADOWE\" alt=\"RAK STAWKI PRZYK\u0141ADOWE\" class=\"motopress-image-obj-basic mpce-dsbl-margin-left mpce-dsbl-margin-right mpce-dsbl-margin-top mpce-dsbl-margin-bottom\" \/><\/div>\n<\/div>\n<\/div>\n<\/div>\n<\/div>\n<div class=\"mp-row-fluid motopress-row mpce-dsbl-margin-left mpce-dsbl-margin-right\">\n<div class=\"mp-span12 motopress-clmn  mpce-dsbl-margin-left mpce-dsbl-margin-right\">\n<div class=\"motopress-text-obj\">\n<h2><\/h2>\n<\/div>\n<\/div>\n<\/div>\n","protected":false},"excerpt":{"rendered":"&nbsp; &nbsp; &bdquo;\u017bycie i zdrowie to dary bezcenne&rdquo; &nbsp; WARTA SPOS&Oacute;B NA RAKA: &nbsp; to produkt ochronny, daj\u0105cy Klientowi gwarancj\u0119 bezpiecze\u0144stwa finansowego, dla niego&nbsp; oraz jego najbli\u017cszych, w przypadku zaistnienia choroby nowotworowej WARTA SPOS&Oacute;B NA RAKA TO: DWIE OPCJE OCHRONY&hellip; ","protected":false},"author":1,"featured_media":0,"parent":0,"menu_order":0,"comment_status":"closed","ping_status":"closed","template":"","meta":[],"_links":{"self":[{"href":"https:\/\/pmbcu.pl\/strona\/wp-json\/wp\/v2\/pages\/180"}],"collection":[{"href":"https:\/\/pmbcu.pl\/strona\/wp-json\/wp\/v2\/pages"}],"about":[{"href":"https:\/\/pmbcu.pl\/strona\/wp-json\/wp\/v2\/types\/page"}],"author":[{"embeddable":true,"href":"https:\/\/pmbcu.pl\/strona\/wp-json\/wp\/v2\/users\/1"}],"replies":[{"embeddable":true,"href":"https:\/\/pmbcu.pl\/strona\/wp-json\/wp\/v2\/comments?post=180"}],"version-history":[{"count":13,"href":"https:\/\/pmbcu.pl\/strona\/wp-json\/wp\/v2\/pages\/180\/revisions"}],"predecessor-version":[{"id":435,"href":"https:\/\/pmbcu.pl\/strona\/wp-json\/wp\/v2\/pages\/180\/revisions\/435"}],"wp:attachment":[{"href":"https:\/\/pmbcu.pl\/strona\/wp-json\/wp\/v2\/media?parent=180"}],"curies":[{"name":"wp","href":"https:\/\/api.w.org\/{rel}","templated":true}]}}