{"id":235,"date":"2016-06-06T23:15:17","date_gmt":"2016-06-06T21:15:17","guid":{"rendered":"http:\/\/pmbcu.pl\/strona\/?page_id=235"},"modified":"2016-06-22T03:35:08","modified_gmt":"2016-06-22T01:35:08","slug":"zglaszanie-szkod","status":"publish","type":"page","link":"https:\/\/pmbcu.pl\/strona\/zglaszanie-szkod\/","title":{"rendered":"Zg\u0142aszanie szk\u00f3d"},"content":{"rendered":"<div class=\"mp-row-fluid motopress-row mpce-dsbl-margin-left mpce-dsbl-margin-right\">\n<div class=\"mp-span12 motopress-clmn  mpce-dsbl-margin-left mpce-dsbl-margin-right\">\n<div class=\"motopress-button-obj motopress-text-align-left\"><a href=\"http:\/\/pmbcu.pl\/strona\/wp-content\/uploads\/2016\/06\/Za\u0142.-nr-1-wyp._zwyk\u0142e_-ub.-OC-1.pdf\" target=\"_self\" class=\"motopress-btn motopress-btn-color-silver motopress-btn-size-middle motopress-btn-rounded motopress-btn-icon-indent-small\">Wypowiedzenia umowy ubezpieczenia OC<\/a><\/div>\n<\/div>\n<\/div>\n<div class=\"mp-row-fluid motopress-row mpce-dsbl-margin-left mpce-dsbl-margin-right\">\n<div class=\"mp-span12 motopress-clmn  mpce-dsbl-margin-left mpce-dsbl-margin-right\">\n<div class=\"mp-row-fluid motopress-row mpce-dsbl-margin-left mpce-dsbl-margin-right\">\n<div class=\"mp-span12 motopress-clmn mpce-dsbl-margin-left mpce-dsbl-margin-right\">\n<div class=\"motopress-button-obj motopress-text-align-left\"><a href=\"http:\/\/pmbcu.pl\/strona\/wp-content\/uploads\/2016\/06\/Za\u0142.-nr-2-wyp._nabywcy_-ub.-OC-3.pdf\" target=\"_self\" class=\"motopress-btn motopress-btn-color-silver motopress-btn-size-middle motopress-btn-rounded motopress-btn-icon-indent-small\">Wypowiedzenia umowy ubezpieczenia OC przez nabywc\u0119 pojazdu<\/a><\/div>\n<\/div>\n<\/div>\n<div class=\"mp-row-fluid motopress-row mpce-dsbl-margin-left mpce-dsbl-margin-right\">\n<div class=\"mp-span12 motopress-clmn mpce-dsbl-margin-left mpce-dsbl-margin-right\">\n<div class=\"motopress-button-obj motopress-text-align-left\"><a href=\"http:\/\/pmbcu.pl\/strona\/wp-content\/uploads\/2016\/06\/Za\u0142.-nr-3-wyp._podw\u00f3jne_-ub.-OC-1.pdf\" target=\"_self\" class=\"motopress-btn motopress-btn-color-silver motopress-btn-size-middle motopress-btn-rounded motopress-btn-icon-indent-small\">Wypowiedzenia podw\u00f3jne umowy ubezpieczenia OC<\/a><\/div>\n<\/div>\n<\/div>\n<div class=\"mp-row-fluid motopress-row mpce-dsbl-margin-left mpce-dsbl-margin-right\">\n<div class=\"mp-span12 motopress-clmn mpce-dsbl-margin-left mpce-dsbl-margin-right  motopress-space\" style=\"min-height: 40px;\">\n<div class=\"motopress-space-obj mpce-dsbl-background-image-type mpce-dsbl-background-image mpce-dsbl-background-gradient mpce-dsbl-background-position mpce-dsbl-background-position-x mpce-dsbl-background-position-y mpce-dsbl-background-repeat mpce-dsbl-background-size mpce-dsbl-background-attachment mpce-dsbl-margin-left mpce-dsbl-margin-right mpce-dsbl-background-color mpce-dsbl-border-top-width mpce-dsbl-border-bottom-width mpce-dsbl-border-left-width mpce-dsbl-border-right-width mpce-dsbl-border-top-left-radius mpce-dsbl-border-top-right-radius mpce-dsbl-border-bottom-left-radius mpce-dsbl-border-bottom-right-radius mpce-dsbl-border-style mpce-dsbl-border-color mpce-dsbl-padding-left mpce-dsbl-padding-right mpce-dsbl-margin-top mpce-dsbl-margin-bottom mpce-dsbl-color\">\n<div><\/div>\n<\/div>\n<\/div>\n<\/div>\n<div class=\"mp-row-fluid motopress-row mpce-dsbl-margin-left mpce-dsbl-margin-right\">\n<div class=\"mp-span12 motopress-clmn mpce-dsbl-margin-left mpce-dsbl-margin-right\">\n<div class=\"motopress-text-obj\">\n<p><strong>Allianz<\/strong> <a href=\"http:\/\/www.allianz.pl\">www.allianz.pl<\/a><\/p>\n<p>Najszybsza metod\u0105 zg\u0142oszenia szkody w Allianz jest zg\u0142oszenie telefoniczne.Aby skontaktowa\u0107 si\u0119 z Call Center nale\u017cy wybra\u0107 numer:0 801 10 20 30 (z telefon\u00f3w stacjonarnych)<br \/>\n<em><br \/>\n(+22) 657 12 02 (z telefon\u00f3w kom\u00f3rkowych oraz z zagranicy)<\/em><\/p>\n<p><em>czynne: poniedzia\u0142ek \u2013 pi\u0105tek od 8.30 \u2013 18.00<\/em><\/p>\n<p>&nbsp;<\/p>\n<p><span style=\"line-height: 21px;\"><em><strong>Aviva<\/strong> <a href=\"http:\/\/www.aviva.pl\">www.aviva.pl<\/a><\/em><\/span><\/p>\n<p><span style=\"line-height: 21px;\"><em>Telecentrum:801 888 444 (z telefon\u00f3w stacjonarnych)(+48 22) 557 44 44 (dla telefon\u00f3w kom\u00f3rkowych)<\/em><\/span><\/p>\n<p><span style=\"line-height: 21px;\"><em>w godzinach 7.30 \u2013 20.00;<\/em><\/span><\/p>\n<p><span style=\"line-height: 21px;\"><em>fax: (+48 22) 557 40 03;<\/em><\/span><\/p>\n<p><em>e-mail: <a href=\"http:\/\/bok@aviva.pl\">bok@aviva.pl<\/a><\/em><\/p>\n<p><em><strong><br \/>\nBenefia<\/strong> <a href=\"http:\/\/www.benefia.pl\">www.benefia.pl<\/a><\/em><em><a href=\"http:\/\/bok@aviva.pl\"><br \/>\n<\/a><\/em><\/p>\n<p><span style=\"line-height: 21px;\"><em>801 080 300 lub (22) 212 20 30czynne ca\u0142a dob\u0119<\/em><\/span><\/p>\n<p>&nbsp;<\/p>\n<p><span style=\"line-height: 21px;\"><em><strong>Generali<\/strong> <a href=\"http:\/\/www.generali.pl\">www.generali.pl<\/a><\/em><\/span><\/p>\n<p><span style=\"line-height: 21px;\"><em>Zg\u0142oszenie szkody0 801 343 343 (z telefon\u00f3w stacjonarnych)+48 22 543 0 543 (z telefon\u00f3w kom\u00f3rkowych)<\/em><\/span><\/p>\n<p><span style=\"line-height: 21px;\"><em>Assistance komunikacyjne 801-181-572 lub +48 22 874 56 55<\/em><\/span><\/p>\n<p><span style=\"line-height: 21px;\"><em>On-line: <a href=\"http:\/\/www.generali.pl\/obsluga-i-pomoc\">http:\/\/www.generali.pl\/obsluga-i-pomoc<\/a><\/em><\/span><\/p>\n<p>&nbsp;<\/p>\n<p><span style=\"line-height: 21px;\"><em><strong>HDI<\/strong> <a href=\"http:\/\/www.hdi-asekuracja.pl\">www.hdi-asekuracja.pl<\/a><\/em><\/span><\/p>\n<p><span style=\"line-height: 21px;\"><em>Centrum Likwidacji Szk\u00f3d w Szczecinie801 801 181 (z telefon\u00f3w stacjonarnych)(22) 44 99 999 ( z telefon\u00f3w kom\u00f3rkowych)\u00a0<\/em><\/span><\/p>\n<p><span style=\"line-height: 21px;\"><em>fax: (22) 449-94-68<\/em><\/span><\/p>\n<p><span style=\"line-height: 21px;\"><em>e-mail: <a href=\"http:\/\/rcls.szczecin@hdi-asekuracja.pl\">rcls.szczecin@hdi-asekuracja.pl<\/a><\/em><\/span><\/p>\n<p><span style=\"line-height: 21px;\"><em>Szkod\u0119 mo\u017cna r\u00f3wnie\u017c zg\u0142osi\u0107 osobi\u015bcie \u2013 ul. Pomorska 144, 70-812 Szczecinponiedzia\u0142ek-pi\u0105tek 8.00-17.00<\/em><\/span><\/p>\n<p><span style=\"line-height: 21px;\"><em>Zg\u0142aszanie szk\u00f3d z Assistance PlusTel. 800 122 223 \u2013 szkody z telefon\u00f3w stacjonarnychlub +48 22 619 22 10<\/em><\/span><\/p>\n<p>&nbsp;<\/p>\n<p><span style=\"line-height: 21px;\"><em><strong>Liberty Direct<\/strong> <a href=\"http:\/\/www.libertydirect.pl\">www.libertydirect.pl<\/a><\/em><\/span><\/p>\n<p><span style=\"line-height: 21px;\"><em>Prosimy zg\u0142osi\u0107 szkod\u0119 telefonicznie pod numerem (+48) 22 589 95 21<\/em><\/span><\/p>\n<p>&nbsp;<\/p>\n<p><span style=\"line-height: 21px;\"><em><strong>STU Ergo Hestia<\/strong> <a href=\"http:\/\/www.ergohestia.pl\">www.ergohestia.pl<\/a><\/em><\/span><\/p>\n<p><span style=\"line-height: 21px;\"><em>Zg\u0142aszanie szk\u00f3d:801-107-107 z telefon\u00f3w stacjonarnych lub58 555 55 55 z telefon\u00f3w kom\u00f3rkowych<\/em><\/span><\/p>\n<p>&nbsp;<\/p>\n<p><span style=\"line-height: 21px;\"><em><strong>Interpolska<\/strong> <a href=\"http:\/\/www.interpolska.pl\">www.interpolska.pl<\/a><\/em><\/span><\/p>\n<p><span style=\"line-height: 21px;\"><em>Zg\u0142aszanie szk\u00f3d:801 888 997 z telefon\u00f3w stacjonarnychlub 22 333 77 88 (dla po\u0142\u0105cze\u0144 z tel. kom\u00f3rkowych)\u00a0<\/em><\/span><\/p>\n<p><span style=\"line-height: 21px;\"><em>czynne: od poniedzia\u0142ku do pi\u0105tku 9.00-17.00<\/em><\/span><\/p>\n<p><span style=\"line-height: 21px;\"><em>e-mail: odszkodowania@interpolska.pl<\/em><\/span><\/p>\n<p><em>Assistance Inter Lokum 22 563 11 77<\/em><\/p>\n<p>&nbsp;<\/p>\n<p><span style=\"line-height: 21px;\"><em><strong>PTU<\/strong> <a href=\"http:\/\/www.ptu.pl\">www.ptu.pl<\/a><\/em><\/span><\/p>\n<p><span style=\"line-height: 21px;\"><em>Zg\u0142aszanie szk\u00f3d tel. 22 539 31 00e-mail: box@ptu.pl<\/em><\/span><\/p>\n<p><span style=\"line-height: 21px;\"><em>Zg\u0142aszanie szk\u00f3d assistance: 22 575 98 98<\/em><\/span><\/p>\n<p>&nbsp;<\/p>\n<p><span style=\"line-height: 21px;\"><em><strong>PZM<\/strong> <a href=\"http:\/\/www.pzmtu.pl\">www.pzmtu.pl<\/a><\/em><\/span><\/p>\n<p><span style=\"line-height: 21px;\"><em>Zg\u0142oszenie szkody:Tel. 801-080-600; +48 22 212 20 50fax: \u00a0(22) 212 20 52<\/em><\/span><\/p>\n<p><span style=\"line-height: 21px;\"><em>On-line: http:\/\/www.pzmtu.pl\/Szkody\/OnlineClaims\/Start.aspx<\/em><\/span><\/p>\n<p>&nbsp;<\/p>\n<p><span style=\"line-height: 21px;\"><em><strong>PZU<\/strong> <a href=\"http:\/\/www.pzu.pl\">www.pzu.pl<\/a><\/em><\/span><\/p>\n<p><span style=\"line-height: 21px;\"><em>Szkod\u0119 mo\u017cna zg\u0142o\u015bci telefonicznie za po\u015brednictwem Infolinii Grupy PZU, dzwoni\u0105c na numer 801 102 102 lub (22) 566 55 55<\/em><\/span><\/p>\n<p>&nbsp;<\/p>\n<p><span style=\"line-height: 21px;\"><em><strong>Signal Iduna<\/strong> <a href=\"http:\/\/www.signal-iduna.pl\">www.signal-iduna.pl\u00a0<\/a><\/em><\/span><\/p>\n<p><span style=\"line-height: 21px;\"><em>INFOLINIA dot. likwidacji szk\u00f3d turystycznych:+48 22 50 56 160Infolinia czynna od poniedzia\u0142ku do pi\u0105tku w godz. od 8:30 do 17:00<\/em><\/span><\/p>\n<p><span style=\"line-height: 21px;\"><em>INFOLINIA dot. ubezpiecze\u0144 zdrowotnych:0 801 120 120+ 48 22 50 56 506\u00a0<\/em><\/span><\/p>\n<p><span style=\"line-height: 21px;\"><em>Infolinia czynna 7 dni w tygodniu przez 24 godziny na dob\u0119<\/em><\/span><\/p>\n<p><span style=\"line-height: 21px;\"><em>e-mail: <a href=\"http:\/\/callcenter@signal-iduna.pl\">callcenter@signal-iduna.pl<\/a><\/em><\/span><\/p>\n<p>&nbsp;<\/p>\n<p><span style=\"line-height: 21px;\"><em><strong>TUW TUW<\/strong> <a href=\"http:\/\/www.tuw.pl\">www.tuw.pl<\/a><\/em><\/span><\/p>\n<p><span style=\"line-height: 21px;\"><em>Przyjmowanie szk\u00f3d: 22 894 47 72 lub 801 001 003<\/em><\/span><\/p>\n<p>&nbsp;<\/p>\n<p><span style=\"line-height: 21px;\"><em><strong>TUW TUZ<\/strong> <a href=\"http:\/\/www.tuz.pl\">www.tuz.pl<\/a><\/em><\/span><\/p>\n<p><span style=\"line-height: 21px;\"><em>Centrum Zg\u0142aszania Szk\u00f3d: (22) 327 60 60poniedzia\u0142ek-pi\u0105tek 8.00-16.00<\/em><\/span><\/p>\n<p>&nbsp;<\/p>\n<p><span style=\"line-height: 21px;\"><em><strong>Uniqa<\/strong> <a href=\"http:\/\/www.uniqa.pl\">www.uniqa.pl<\/a><\/em><\/span><\/p>\n<p><span style=\"line-height: 21px;\"><em>Centrum Pomocy Grupy UNIQA0801 597 597 lub 42 66 66 500Serwis przyjmowania zg\u0142osze\u0144 szk\u00f3d czynny jest od poniedzia\u0142ku do pi\u0105tku w godzinach 8.00 \u2013 19.00.\u00a0<\/em><\/span><\/p>\n<p><span style=\"line-height: 21px;\"><em>Po godz 19.00 istnieje mo\u017cliwo\u015b\u0107 pozostawienia wiadomo\u015bci na poczcie g\u0142osowej.<\/em><\/span><\/p>\n<p><span style=\"line-height: 21px;\"><em>On-line: <a href=\"http:\/\/www.uniqa.pl\/uniqa_pl\/cms\/service\/claim\/index.jsp\">http:\/\/www.uniqa.pl\/uniqa_pl\/cms\/service\/claim\/index.jsp<\/a><\/em><\/span><\/p>\n<p>&nbsp;<\/p>\n<p><strong><span style=\"line-height: 21px;\"><em>W<\/em><\/span><\/strong><em><strong>arta<\/strong> <a href=\"http:\/\/www.warta.pl\">www.warta.pl<\/a><\/em><\/p>\n<p><em>Centrum Alarmowe Warty 801-311 311<br \/>\n<\/em><em style=\"font-size: 14px;\">z telefon\u00f3w stacjonarnych 601-311-311 z telefon\u00f3w kom\u00f3rkowych<\/em><\/p>\n<\/div>\n<\/div>\n<\/div>\n<\/div>\n<\/div>\n","protected":false},"excerpt":{"rendered":"","protected":false},"author":1,"featured_media":0,"parent":0,"menu_order":0,"comment_status":"closed","ping_status":"closed","template":"","meta":[],"_links":{"self":[{"href":"https:\/\/pmbcu.pl\/strona\/wp-json\/wp\/v2\/pages\/235"}],"collection":[{"href":"https:\/\/pmbcu.pl\/strona\/wp-json\/wp\/v2\/pages"}],"about":[{"href":"https:\/\/pmbcu.pl\/strona\/wp-json\/wp\/v2\/types\/page"}],"author":[{"embeddable":true,"href":"https:\/\/pmbcu.pl\/strona\/wp-json\/wp\/v2\/users\/1"}],"replies":[{"embeddable":true,"href":"https:\/\/pmbcu.pl\/strona\/wp-json\/wp\/v2\/comments?post=235"}],"version-history":[{"count":8,"href":"https:\/\/pmbcu.pl\/strona\/wp-json\/wp\/v2\/pages\/235\/revisions"}],"predecessor-version":[{"id":260,"href":"https:\/\/pmbcu.pl\/strona\/wp-json\/wp\/v2\/pages\/235\/revisions\/260"}],"wp:attachment":[{"href":"https:\/\/pmbcu.pl\/strona\/wp-json\/wp\/v2\/media?parent=235"}],"curies":[{"name":"wp","href":"https:\/\/api.w.org\/{rel}","templated":true}]}}