{"id":267,"date":"2017-03-22T18:30:31","date_gmt":"2017-03-22T17:30:31","guid":{"rendered":"http:\/\/pmbcu.pl\/strona\/?page_id=267"},"modified":"2019-09-05T09:41:48","modified_gmt":"2019-09-05T07:41:48","slug":"komunikacja","status":"publish","type":"page","link":"https:\/\/pmbcu.pl\/strona\/komunikacja\/","title":{"rendered":"UBEZPIECZENIA KOMUNIKACYJNE"},"content":{"rendered":"<p><!--more--><\/p>\n<div class=\"mp-row-fluid motopress-row mpce-dsbl-margin-left mpce-dsbl-margin-right\">\n<div class=\"mp-span12 motopress-clmn  mpce-dsbl-margin-left mpce-dsbl-margin-right\">\n<p class=\"motopress-hide-script\"><script type=\"text\/javascript\">\n\t\t\t\t\tjQuery(document).ready(function($) {\n\t\t\t\t\t\tvar mpImageSlider = $(\".motopress-image-slider-obj#69f3e78b2318d\");\n\t\t\t\t\t\tif (mpImageSlider.data(\"flexslider\")) {\n\t\t\t\t\t\t\tmpImageSlider.flexslider(\"destroy\");\n\t\t\t\t\t\t}\n\t\t\t\t\t\tif (!false) mpImageSlider.css(\"margin-bottom\", 0);\n\t\t\t\t\t\tmpImageSlider.flexslider({\n\t\t\t\t\t\t\tslideshow: true,\n\t\t\t\t\t\t\tanimation: \"slide\",\n\t\t\t\t\t\t\tcontrolNav: false,\n\t\t\t\t\t\t\tslideshowSpeed: 7000,\n\t\t\t\t\t\t\tanimationSpeed: 600,\n\t\t\t\t\t\t\tsmoothHeight: true,\n\t\t\t\t\t\t\tkeyboard: true\n\t\t\t\t\t\t});\n\t\t\t\t\t});\n\t\t\t\t<\/script><\/p>\n<div class=\"motopress-image-slider-obj motopress-flexslider mp-flexslider-obj flexslider\" id=\"69f3e78b2318d\">\n<ul class=\"slides\">\n<li><img decoding=\"async\" src=\"https:\/\/pmbcu.pl\/strona\/wp-content\/uploads\/2016\/05\/a2a3f574-ebd4-4f6b-8714-634c6146e5c6.jpg\" title=\"a2a3f574-ebd4-4f6b-8714-634c6146e5c6\" alt=\"a2a3f574-ebd4-4f6b-8714-634c6146e5c6\" \/><\/li>\n<li><img decoding=\"async\" src=\"https:\/\/pmbcu.pl\/strona\/wp-content\/uploads\/2017\/03\/obs\u0142uga2.jpg\" title=\"obs\u0142uga2\" alt=\"obs\u0142uga2\" \/><\/li>\n<li><img decoding=\"async\" src=\"https:\/\/pmbcu.pl\/strona\/wp-content\/uploads\/2017\/03\/GEFION-REKLAMA-2.jpg\" title=\"Frustrated person and broken car isolated\" alt=\"Picture of frustrated businessman with broken car after traffic accident, isolated on white background\" \/><\/li>\n<\/ul>\n<\/div>\n<\/div>\n<\/div>\n<div class=\"mp-row-fluid motopress-row mpce-dsbl-margin-left mpce-dsbl-margin-right\">\n<div class=\"mp-span8 motopress-clmn  mpce-dsbl-margin-left mpce-dsbl-margin-right\">\n<div class=\"motopress-text-obj\">\n<div class=\"dmn-content\">\n<h2>Dlaczego ubezpieczenie samochodu u nas?<\/h2>\n<hr \/>\n<p style=\"text-align: justify;\"><span style=\"color: #000080;\"><strong>Najlepsze ceny za polisy<\/strong>, nale\u017cymy do najwi\u0119kszej sieci po\u015brednik\u00f3w ubezpieczeniowych w Polsce. Najwi\u0119ksza agencja w Polsce=najlepsze ceny<\/span><\/p>\n<p style=\"text-align: justify;\"><span style=\"color: #000080;\"><strong>Kompetencje<\/strong>, obs\u0142uguj\u0105 pa\u0144stwa agenci ubezpieczeniowi, czyli osoby posiadaj\u0105ce wiedz\u0119 i uprawnienia. Kadra regularnie szkolona z nowych produkt\u00f3w, znaj\u0105ca r\u00f3\u017cnice z pozoru identycznych ofert ubezpieczeniowych<\/span><\/p>\n<p style=\"text-align: justify;\"><span style=\"color: #000080;\"><strong>Gwarancja bezpiecze\u0144stwa<\/strong>, 100% naszych klient\u00f3w w 2017 by\u0142o zadowolonych z otrzymanego odszkodowanie, nasze polisy chroni\u0105 i nasi klienci s\u0105 zadowoleni z likwidacji szk\u00f3d. Dzi\u0119ki czemu jeste\u015bmy jedn\u0105 z najlepszych agencji ubezpieczeniowych w Krakowie<\/span><\/p>\n<p style=\"text-align: justify;\"><span style=\"color: #000080;\"><strong>Udzielamy informacji<\/strong> na temat przedstawianej przez nas oferty ubezpieczenia zwracaj\u0105c uwag\u0119 na zakres i mo\u017cliwo\u015bci jej poszerzenia<\/span><\/p>\n<p style=\"text-align: justify;\"><span style=\"color: #000080;\"><strong>Doradzamy najlepsze rozwi\u0105zania<\/strong> bior\u0105c pod uwag\u0119 relacj\u0119 ceny do jako\u015bci<\/span><\/p>\n<p style=\"text-align: justify;\"><span style=\"color: #000080;\"><strong>Piszemy i przyjmujemy wypowiedzenia<\/strong><\/span><\/p>\n<\/div>\n<\/div>\n<\/div>\n<div class=\"mp-span4 motopress-clmn  mpce-dsbl-margin-left mpce-dsbl-margin-right\">\n<div class=\"mp-row-fluid motopress-row mpce-dsbl-margin-left mpce-dsbl-margin-right\">\n<div class=\"mp-span12 motopress-clmn mpce-dsbl-margin-left mpce-dsbl-margin-right\">\n<div class=\"motopress-text-obj\">\n<h2 style=\"text-align: center;\"><a href=\"http:\/\/pmbcu.pl\/strona\/index.php\/kontakt\/\"><span style=\"color: #993300;\"><strong>KONTAKT<\/strong><\/span><\/a><\/h2>\n<\/div>\n<\/div>\n<\/div>\n<div class=\"mp-row-fluid motopress-row mpce-dsbl-margin-left mpce-dsbl-margin-right\">\n<div class=\"mp-span12 motopress-clmn mpce-dsbl-margin-left mpce-dsbl-margin-right\">\n<div class=\"motopress-service-box-obj motopress-service-box-text-heading-float motopress-service-box-basic\">\n<div class=\"motopress-service-box-icon-section motopress-service-box-small-icon\"  style=\" padding-left: 0px; padding-right: 5px; padding-top: 0px; padding-bottom: 0px;\">\n<div class=\"motopress-service-box-icon-holder\"  style=\" font-size: 35px;\"><i class=\"fa fa-phone-square mp-text-color-warm\" ><\/i><\/div>\n<\/div>\n<div class=\"motopress-service-box-text-heading-wrapper\">\n<div class=\"motopress-service-box-heading-section\">\n<h5>12 307 44 88<\/h5>\n<\/div>\n<div class=\"motopress-service-box-content-section\">\n<\/div>\n<\/div>\n<\/div>\n<\/div>\n<\/div>\n<div class=\"mp-row-fluid motopress-row mpce-dsbl-margin-left mpce-dsbl-margin-right\">\n<div class=\"mp-span12 motopress-clmn mpce-dsbl-margin-left mpce-dsbl-margin-right\">\n<div class=\"motopress-service-box-obj motopress-service-box-text-heading-float motopress-service-box-basic\">\n<div class=\"motopress-service-box-icon-section motopress-service-box-small-icon\"  style=\" padding-left: 0px; padding-right: 12px; padding-top: 0px; padding-bottom: 0px;\">\n<div class=\"motopress-service-box-icon-holder\"  style=\" font-size: 35px;\"><i class=\"fa fa-phone-square mp-text-color-olive-garden\" ><\/i><\/div>\n<\/div>\n<div class=\"motopress-service-box-text-heading-wrapper\">\n<div class=\"motopress-service-box-heading-section\">\n<h6>665 321 032<\/h6>\n<\/div>\n<div class=\"motopress-service-box-content-section\">\n<\/div>\n<\/div>\n<\/div>\n<\/div>\n<\/div>\n<div class=\"mp-row-fluid motopress-row mpce-dsbl-margin-left mpce-dsbl-margin-right\">\n<div class=\"mp-span12 motopress-clmn mpce-dsbl-margin-left mpce-dsbl-margin-right  motopress-space\">\n<div class=\"motopress-space-obj mpce-dsbl-background-image-type mpce-dsbl-background-image mpce-dsbl-background-gradient mpce-dsbl-background-position mpce-dsbl-background-position-x mpce-dsbl-background-position-y mpce-dsbl-background-repeat mpce-dsbl-background-size mpce-dsbl-background-attachment mpce-dsbl-margin-left mpce-dsbl-margin-right mpce-dsbl-background-color mpce-dsbl-border-top-width mpce-dsbl-border-bottom-width mpce-dsbl-border-left-width mpce-dsbl-border-right-width mpce-dsbl-border-top-left-radius mpce-dsbl-border-top-right-radius mpce-dsbl-border-bottom-left-radius mpce-dsbl-border-bottom-right-radius mpce-dsbl-border-style mpce-dsbl-border-color mpce-dsbl-padding-left mpce-dsbl-padding-right mpce-dsbl-margin-top mpce-dsbl-margin-bottom mpce-dsbl-color\">\n<div><\/div>\n<\/div>\n<\/div>\n<\/div>\n<div class=\"mp-row-fluid motopress-row mpce-dsbl-margin-left mpce-dsbl-margin-right\">\n<div class=\"mp-span12 motopress-clmn mpce-dsbl-margin-left mpce-dsbl-margin-right\">\n<div class=\"motopress-service-box-obj motopress-service-box-text-heading-float motopress-service-box-basic\">\n<div class=\"motopress-service-box-icon-section motopress-service-box-small-icon\"  style=\" padding-left: 0px; padding-right: 10px; padding-top: 0px; padding-bottom: 0px;\">\n<div class=\"motopress-service-box-icon-holder\"  style=\" font-size: 35px;\"><i class=\"fa fa-envelope-square mp-text-color-red\" ><\/i><\/div>\n<\/div>\n<div class=\"motopress-service-box-text-heading-wrapper\">\n<div class=\"motopress-service-box-heading-section\">\n<h6>pmb.ubezpieczenia@gmail.com<\/h6>\n<\/div>\n<div class=\"motopress-service-box-content-section\">\n<\/div>\n<\/div>\n<\/div>\n<\/div>\n<\/div>\n<div class=\"mp-row-fluid motopress-row mpce-dsbl-margin-left mpce-dsbl-margin-right\">\n<div class=\"mp-span12 motopress-clmn mpce-dsbl-margin-left mpce-dsbl-margin-right  motopress-space\" style=\"min-height: 40px;\">\n<div class=\"motopress-space-obj mpce-dsbl-background-image-type mpce-dsbl-background-image mpce-dsbl-background-gradient mpce-dsbl-background-position mpce-dsbl-background-position-x mpce-dsbl-background-position-y mpce-dsbl-background-repeat mpce-dsbl-background-size mpce-dsbl-background-attachment mpce-dsbl-margin-left mpce-dsbl-margin-right mpce-dsbl-background-color mpce-dsbl-border-top-width mpce-dsbl-border-bottom-width mpce-dsbl-border-left-width mpce-dsbl-border-right-width mpce-dsbl-border-top-left-radius mpce-dsbl-border-top-right-radius mpce-dsbl-border-bottom-left-radius mpce-dsbl-border-bottom-right-radius mpce-dsbl-border-style mpce-dsbl-border-color mpce-dsbl-padding-left mpce-dsbl-padding-right mpce-dsbl-margin-top mpce-dsbl-margin-bottom mpce-dsbl-color\">\n<div><\/div>\n<\/div>\n<\/div>\n<\/div>\n<div class=\"mp-row-fluid motopress-row mpce-dsbl-margin-left mpce-dsbl-margin-right\">\n<div class=\"mp-span9 motopress-clmn mpce-dsbl-margin-left mpce-dsbl-margin-right\">\n<div class=\"motopress-text-obj\">\n<p>Poniedzia\u0142ek- Pi\u0105tek\u00a0\u00a0\u00a0\u00a0\u00a0\u00a0\u00a0\u00a0\u00a0\u00a0\u00a0\u00a0\u00a0\u00a0 8-20<br \/>\nSobota\u00a0\u00a0\u00a0\u00a0\u00a0\u00a0\u00a0\u00a0\u00a0\u00a0\u00a0\u00a0\u00a0\u00a0\u00a0\u00a0\u00a0\u00a0\u00a0\u00a0\u00a0\u00a0\u00a0\u00a0\u00a0\u00a0\u00a0\u00a0\u00a0\u00a0\u00a0\u00a0\u00a0\u00a0 9-15<br \/>\nNiedziela\u00a0\u00a0\u00a0\u00a0\u00a0\u00a0 \u00a0 \u00a0<strong>\u00a0 awaryjne sytuacje<\/strong><\/p>\n<\/div>\n<\/div>\n<div class=\"mp-span3 motopress-clmn mpce-dsbl-margin-left mpce-dsbl-margin-right\">\n<div class=\"motopress-image-obj motopress-text-align-left\"><img decoding=\"async\" src=\"https:\/\/pmbcu.pl\/strona\/wp-content\/uploads\/2016\/03\/logo-e1458760587827.png\" title=\"logo\" alt=\"logo\" class=\"motopress-image-obj-basic mpce-dsbl-margin-left mpce-dsbl-margin-right mpce-dsbl-margin-top mpce-dsbl-margin-bottom\" \/><\/div>\n<\/div>\n<\/div>\n<div class=\"mp-row-fluid motopress-row mpce-dsbl-margin-left mpce-dsbl-margin-right\">\n<div class=\"mp-span12 motopress-clmn mpce-dsbl-margin-left mpce-dsbl-margin-right\">\n<div class=\"motopress-text-obj\">\n<p><strong>DOJE\u017bD\u017bAMY DO<\/strong>:\u00a0 Krakowa, Proszowic Skawiny, Niepo\u0142omic, Wieliczki, Nowego Brzeska, Koszyc, Miechowa, Balic i okolicznych miejscowo\u015bci.<\/p>\n<\/div>\n<\/div>\n<\/div>\n<\/div>\n<\/div>\n<div class=\"mp-row-fluid motopress-row mpce-dsbl-margin-left mpce-dsbl-margin-right\">\n<div class=\"mp-span12 motopress-clmn  mpce-dsbl-margin-left mpce-dsbl-margin-right\">\n<div class=\"motopress-text-obj\">\n<p><span style=\"font-size: 15px;\"><span style=\"color: #000080;\"><strong><span style=\"font-size: 16px;\">Jak ubezpieczamy pojazdy?:<\/span><\/strong><\/span><\/span><\/p>\n<p><span style=\"color: #000080;\">1. Zawsze po najni\u017cszej <strong>cenie<\/strong> w jednym z 40 towarzystw. <\/span><br \/>\n<span style=\"color: #000080;\"> 2. Piszemy wypowiedzenia i je sk\u0142adamy.<br \/>\n3. Najlepsza obs\u0142uga klienta<br \/>\n4. Doje\u017cdzamy do pa\u0144stwa dom\u00f3w b\u0105d\u017a wysy\u0142amy polisy zdalne(e-mail, poczt\u0105 polsk\u0105)<br \/>\n<\/span><\/p>\n<\/div>\n<\/div>\n<\/div>\n<div class=\"mp-row-fluid motopress-row mpce-dsbl-margin-left mpce-dsbl-margin-right\">\n<div class=\"mp-span12 motopress-clmn  mpce-dsbl-margin-left mpce-dsbl-margin-right  motopress-space\">\n<div class=\"motopress-space-obj mpce-dsbl-background-image-type mpce-dsbl-background-image mpce-dsbl-background-gradient mpce-dsbl-background-position mpce-dsbl-background-position-x mpce-dsbl-background-position-y mpce-dsbl-background-repeat mpce-dsbl-background-size mpce-dsbl-background-attachment mpce-dsbl-margin-left mpce-dsbl-margin-right mpce-dsbl-background-color mpce-dsbl-border-top-width mpce-dsbl-border-bottom-width mpce-dsbl-border-left-width mpce-dsbl-border-right-width mpce-dsbl-border-top-left-radius mpce-dsbl-border-top-right-radius mpce-dsbl-border-bottom-left-radius mpce-dsbl-border-bottom-right-radius mpce-dsbl-border-style mpce-dsbl-border-color mpce-dsbl-padding-left mpce-dsbl-padding-right mpce-dsbl-margin-top mpce-dsbl-margin-bottom mpce-dsbl-color motopress-space-normal\">\n<div><\/div>\n<\/div>\n<\/div>\n<\/div>\n<div class=\"mp-row-fluid motopress-row mpce-dsbl-margin-left mpce-dsbl-margin-right\">\n<div class=\"mp-span12 motopress-clmn  mpce-dsbl-margin-left mpce-dsbl-margin-right\">\n<div class=\"motopress-share-buttons motopress-text-align-right motopress-buttons-32x32 motopress-buttons-square\"><span class=\"motopress-button-facebook\"><a href=\"#\" title=\"Facebook\" target=\"_blank\"><\/a><\/span><span class=\"motopress-button-twitter\"><a href=\"#\" title=\"Twitter\" target=\"_blank\"><\/a><\/span><span class=\"motopress-button-google\"><a href=\"#\" title=\"Google +\" target=\"_blank\"><\/a><\/span><span class=\"motopress-button-pinterest\"><a href=\"#\" title=\"Pinterest\" target=\"_blank\"><\/a><\/span><\/div>\n<\/div>\n<\/div>\n","protected":false},"excerpt":{"rendered":"Dlaczego ubezpieczenie samochodu u nas? Najlepsze ceny za polisy, nale\u017cymy do najwi\u0119kszej sieci po\u015brednik\u00f3w ubezpieczeniowych w Polsce. Najwi\u0119ksza agencja w Polsce=najlepsze ceny Kompetencje, obs\u0142uguj\u0105 pa\u0144stwa agenci ubezpieczeniowi, czyli osoby posiadaj\u0105ce wiedz\u0119 i uprawnienia. Kadra regularnie szkolona z nowych produkt\u00f3w, znaj\u0105ca&hellip; ","protected":false},"author":1,"featured_media":0,"parent":0,"menu_order":0,"comment_status":"closed","ping_status":"closed","template":"","meta":[],"_links":{"self":[{"href":"https:\/\/pmbcu.pl\/strona\/wp-json\/wp\/v2\/pages\/267"}],"collection":[{"href":"https:\/\/pmbcu.pl\/strona\/wp-json\/wp\/v2\/pages"}],"about":[{"href":"https:\/\/pmbcu.pl\/strona\/wp-json\/wp\/v2\/types\/page"}],"author":[{"embeddable":true,"href":"https:\/\/pmbcu.pl\/strona\/wp-json\/wp\/v2\/users\/1"}],"replies":[{"embeddable":true,"href":"https:\/\/pmbcu.pl\/strona\/wp-json\/wp\/v2\/comments?post=267"}],"version-history":[{"count":110,"href":"https:\/\/pmbcu.pl\/strona\/wp-json\/wp\/v2\/pages\/267\/revisions"}],"predecessor-version":[{"id":533,"href":"https:\/\/pmbcu.pl\/strona\/wp-json\/wp\/v2\/pages\/267\/revisions\/533"}],"wp:attachment":[{"href":"https:\/\/pmbcu.pl\/strona\/wp-json\/wp\/v2\/media?parent=267"}],"curies":[{"name":"wp","href":"https:\/\/api.w.org\/{rel}","templated":true}]}}