{"id":271,"date":"2017-02-22T09:23:21","date_gmt":"2017-02-22T08:23:21","guid":{"rendered":"http:\/\/pmbcu.pl\/strona\/?page_id=271"},"modified":"2017-04-27T12:55:14","modified_gmt":"2017-04-27T10:55:14","slug":"otwarta-grupa-warty","status":"publish","type":"page","link":"https:\/\/pmbcu.pl\/strona\/otwarta-grupa-warty\/","title":{"rendered":"Warta Dla Ciebie i Rodziny"},"content":{"rendered":"<div class=\"mp-row-fluid motopress-row mpce-dsbl-margin-left mpce-dsbl-margin-right\">\n<div class=\"mp-span6 motopress-clmn  mpce-dsbl-margin-left mpce-dsbl-margin-right\">\n<div class=\"motopress-image-obj motopress-text-align-left\"><img decoding=\"async\" src=\"https:\/\/pmbcu.pl\/strona\/wp-content\/uploads\/2016\/03\/813be9f0-754b-4593-a54f-66fa6ff5dd68.png\" title=\"813be9f0-754b-4593-a54f-66fa6ff5dd68\" alt=\"813be9f0-754b-4593-a54f-66fa6ff5dd68\" class=\"motopress-image-obj-basic mpce-dsbl-margin-left mpce-dsbl-margin-right mpce-dsbl-margin-top mpce-dsbl-margin-bottom\" \/><\/div>\n<\/div>\n<div class=\"mp-span6 motopress-clmn  mpce-dsbl-margin-left mpce-dsbl-margin-right\">\n<div class=\"motopress-image-obj motopress-text-align-left\"><img decoding=\"async\" src=\"https:\/\/pmbcu.pl\/strona\/wp-content\/uploads\/2016\/03\/6B-300x120.jpg\" title=\"6B\" alt=\"6B\" class=\"motopress-image-obj-basic mpce-dsbl-margin-left mpce-dsbl-margin-right mpce-dsbl-margin-top mpce-dsbl-margin-bottom\" \/><\/div>\n<\/div>\n<\/div>\n<div class=\"mp-row-fluid motopress-row mpce-dsbl-margin-left mpce-dsbl-margin-right\">\n<div class=\"mp-span12 motopress-clmn  mpce-dsbl-margin-left mpce-dsbl-margin-right\">\n<div class=\"mp-row-fluid motopress-row mpce-dsbl-margin-left mpce-dsbl-margin-right\">\n<div class=\"mp-span6 motopress-clmn mpce-dsbl-margin-left mpce-dsbl-margin-right\">\n<div class=\"motopress-text-obj\">\n<h3 class=\"entry-title\">Ubezpieczenie Warta Dla Ciebie i Rodziny<\/h3>\n<address><span style=\"font-size: 15px; color: #000000;\">Ubezpieczenie indywidualne w grupie otwartej Warta dla Ciebie i Dla Rodziny w TUn\u017c WARTA S.A. Program ubezpieczeniowy dla os\u00f3b, kt\u00f3re szukaj\u0105 zabezpieczenia siebie oraz swoich bliskich na wypadek r\u00f3\u017cnych, nieprzewidzianych okoliczno\u015bci \u017cyciowych.<\/span><br \/>\n<span style=\"font-size: 15px; color: #000000;\"> Dzi\u0119ki otwartej formule, program jest dost\u0119pny dla <strong>ka\u017cdego.<\/strong><\/span><\/address>\n<address><span style=\"font-size: 15px; color: #000000;\">WARTA DLA CIEBIE I RODZINY gwarantuje wyp\u0142at\u0119 \u015bwiadczenia w przypadku nieszcz\u0119\u015bliwych zdarze\u0144 oraz w tak szczeg\u00f3lnych i radosnym momencie jak narodziny dziecka. Program zapewnia tak\u017ce pomoc finansow\u0105 w przypadku pobytu w szpitalu, powa\u017cnego zachorowania, inwalidztwa.<\/span><\/address>\n<\/div>\n<\/div>\n<div class=\"mp-span6 motopress-clmn mpce-dsbl-margin-left mpce-dsbl-margin-right\">\n<div class=\"motopress-text-obj\">\n<div class=\"benefit-container active\">\n<div class=\"benefit-container active\">\n<div class=\"benefit-container active\">\n<div class=\"benefit-container active\">\n<h3>Dla kogo jest program ?<\/h3>\n<p><strong>\u2013 program przeznaczony jest dla os\u00f3b w wieku 18-67 lat,<\/strong><br \/>\n<strong> \u2013 <span style=\"color: #ff0000;\">bez bada\u0144 lekarskich,<\/span><br \/>\n<\/strong><strong>\u2013 program obejmuje osoby na samozatrudnieniu jak i bezrobotnych, rolnik\u00f3w, emeryt\u00f3w i osoby na umow\u0119 o prac\u0119\/dzie\u0142o itp.<\/strong><\/p>\n<\/div>\n<\/div>\n<\/div>\n<\/div>\n<\/div>\n<\/div>\n<\/div>\n<div class=\"mp-row-fluid motopress-row mpce-dsbl-margin-left mpce-dsbl-margin-right\">\n<div class=\"mp-span12 motopress-clmn mpce-dsbl-margin-left mpce-dsbl-margin-right\">\n<p class=\"motopress-hide-script\"><script type=\"text\/javascript\">\n\t\t\t\t\tjQuery(document).ready(function($) {\n\t\t\t\t\t\tvar mpImageSlider = $(\".motopress-image-slider-obj#69f4a1569071a\");\n\t\t\t\t\t\tif (mpImageSlider.data(\"flexslider\")) {\n\t\t\t\t\t\t\tmpImageSlider.flexslider(\"destroy\");\n\t\t\t\t\t\t}\n\t\t\t\t\t\tif (!false) mpImageSlider.css(\"margin-bottom\", 0);\n\t\t\t\t\t\tmpImageSlider.flexslider({\n\t\t\t\t\t\t\tslideshow: true,\n\t\t\t\t\t\t\tanimation: \"fade\",\n\t\t\t\t\t\t\tcontrolNav: false,\n\t\t\t\t\t\t\tslideshowSpeed: 7000,\n\t\t\t\t\t\t\tanimationSpeed: 600,\n\t\t\t\t\t\t\tsmoothHeight: false,\n\t\t\t\t\t\t\tkeyboard: true\n\t\t\t\t\t\t});\n\t\t\t\t\t});\n\t\t\t\t<\/script><\/p>\n<div class=\"motopress-image-slider-obj motopress-flexslider mp-flexslider-obj flexslider\" id=\"69f4a1569071a\">\n<ul class=\"slides\">\n<li><img decoding=\"async\" src=\"https:\/\/pmbcu.pl\/strona\/wp-content\/uploads\/2017\/02\/ob1.jpg\" title=\"ob1\" alt=\"ob1\" \/><\/li>\n<li><img decoding=\"async\" src=\"https:\/\/pmbcu.pl\/strona\/wp-content\/uploads\/2017\/02\/ob2.jpg\" title=\"ob2\" alt=\"ob2\" \/><\/li>\n<li><img decoding=\"async\" src=\"https:\/\/pmbcu.pl\/strona\/wp-content\/uploads\/2017\/02\/ob3.jpg\" title=\"ob3\" alt=\"ob3\" \/><\/li>\n<li><img decoding=\"async\" src=\"https:\/\/pmbcu.pl\/strona\/wp-content\/uploads\/2017\/02\/ob4.jpg\" title=\"ob4\" alt=\"ob4\" \/><\/li>\n<li><img decoding=\"async\" src=\"https:\/\/pmbcu.pl\/strona\/wp-content\/uploads\/2017\/02\/ob5.jpg\" title=\"ob5\" alt=\"ob5\" \/><\/li>\n<\/ul>\n<\/div>\n<\/div>\n<\/div>\n<\/div>\n<\/div>\n<div class=\"mp-row-fluid motopress-row mpce-dsbl-margin-left mpce-dsbl-margin-right\">\n<div class=\"mp-span9 motopress-clmn  mpce-dsbl-margin-left mpce-dsbl-margin-right\">\n<div class=\"mp-row-fluid motopress-row mpce-dsbl-margin-left mpce-dsbl-margin-right\">\n<div class=\"mp-span12 motopress-clmn mpce-dsbl-margin-left mpce-dsbl-margin-right\">\n<div class=\"motopress-text-obj\">\n<h3>Jak Kupi\u0107?<\/h3>\n<p><span style=\"font-size: 18px;\">Wystarczy zadzwoni\u0107 i um&oacute;wi\u0107 si\u0119 na spotkanie z naszym agentem. Jeste\u015bmy mobilni wi\u0119c przyjedziemy do pa\u0144stwa domu\/firmy na terenie Krakowa i okolic (20km).<\/span><\/p>\n<p><span style=\"font-size: 18px;\"><br \/>\n<\/span><\/p>\n<p><strong><span style=\"font-size: 18px;\">PMB Mobilne Centrum ubezpiecze\u0144 Piotr Bucki <span style=\"color: #0000ff;\">665 321032<\/span><\/span><\/strong><\/p>\n<\/div>\n<\/div>\n<\/div>\n<div class=\"mp-row-fluid motopress-row mpce-dsbl-margin-left mpce-dsbl-margin-right\">\n<div class=\"mp-span6 motopress-clmn mpce-dsbl-margin-left mpce-dsbl-margin-right\">\n<div class=\"motopress-button-obj motopress-text-align-left\"><a href=\"http:\/\/www.warta.pl\/documents\/10157\/5714489\/SWU%20Warta%20dla%20Ciebie%20i%20Rodziny%20%202015.pdf\" target=\"_self\" class=\"motopress-btn motopress-btn-color-silver motopress-btn-size-middle motopress-btn-rounded motopress-btn-icon-indent-small\"><i class=\"fa fa-download motopress-btn-icon-align-left\"><\/i>og\u00f3lne warunki ubezpieczenia<\/a><\/div>\n<\/div>\n<div class=\"mp-span6 motopress-clmn mpce-dsbl-margin-left mpce-dsbl-margin-right\">\n<div class=\"motopress-button-obj motopress-text-align-left\"><a href=\"http:\/\/www.warta.pl\/documents\/10157\/5714489\/Warta%20dla%20Ciebie%20i%20%20Rodziny%20zakres.pdf\" target=\"_self\" class=\"motopress-btn motopress-btn-color-silver motopress-btn-size-middle motopress-btn-rounded motopress-btn-icon-indent-small\"><i class=\"fa fa-download motopress-btn-icon-align-left\"><\/i>warianty ubezpieczenia<\/a><\/div>\n<\/div>\n<\/div>\n<\/div>\n<div class=\"mp-span3 motopress-clmn  mpce-dsbl-margin-left mpce-dsbl-margin-right\">\n<div class=\"motopress-image-obj motopress-text-align-left\"><img decoding=\"async\" src=\"https:\/\/pmbcu.pl\/strona\/wp-content\/uploads\/2016\/03\/logo-e1458760587827.png\" title=\"logo\" alt=\"logo\" class=\"motopress-image-obj-basic mpce-dsbl-margin-left mpce-dsbl-margin-right mpce-dsbl-margin-top mpce-dsbl-margin-bottom\" \/><\/div>\n<\/div>\n<\/div>\n<div class=\"mp-row-fluid motopress-row mpce-dsbl-margin-left mpce-dsbl-margin-right\">\n<div class=\"mp-span12 motopress-clmn  mpce-dsbl-margin-left mpce-dsbl-margin-right  motopress-space\">\n<div class=\"motopress-space-obj mpce-dsbl-background-image-type mpce-dsbl-background-image mpce-dsbl-background-gradient mpce-dsbl-background-position mpce-dsbl-background-position-x mpce-dsbl-background-position-y mpce-dsbl-background-repeat mpce-dsbl-background-size mpce-dsbl-background-attachment mpce-dsbl-margin-left mpce-dsbl-margin-right mpce-dsbl-background-color mpce-dsbl-border-top-width mpce-dsbl-border-bottom-width mpce-dsbl-border-left-width mpce-dsbl-border-right-width mpce-dsbl-border-top-left-radius mpce-dsbl-border-top-right-radius mpce-dsbl-border-bottom-left-radius mpce-dsbl-border-bottom-right-radius mpce-dsbl-border-style mpce-dsbl-border-color mpce-dsbl-padding-left mpce-dsbl-padding-right mpce-dsbl-margin-top mpce-dsbl-margin-bottom mpce-dsbl-color\">\n<div><\/div>\n<\/div>\n<\/div>\n<\/div>\n<div class=\"mp-row-fluid motopress-row mpce-dsbl-margin-left mpce-dsbl-margin-right\">\n<div class=\"mp-span12 motopress-clmn  mpce-dsbl-margin-left mpce-dsbl-margin-right\">\n<div class=\"motopress-image-obj motopress-text-align-left\"><img decoding=\"async\" src=\"https:\/\/pmbcu.pl\/strona\/wp-content\/uploads\/2017\/02\/Warta-dla-Ciebie-i-Rodziny-otwarta-grupa.jpg\" title=\"Warta-dla-Ciebie-i-Rodziny-otwarta-grupa\" alt=\"Warta-dla-Ciebie-i-Rodziny-otwarta-grupa\" class=\"motopress-image-obj-basic mpce-dsbl-margin-left mpce-dsbl-margin-right mpce-dsbl-margin-top mpce-dsbl-margin-bottom\" \/><\/div>\n<\/div>\n<\/div>\n<div class=\"mp-row-fluid motopress-row mpce-dsbl-margin-left mpce-dsbl-margin-right\">\n<div class=\"mp-span12 motopress-clmn  mpce-dsbl-margin-left mpce-dsbl-margin-right\">\n<div class=\"motopress-image-obj motopress-text-align-left\"><img decoding=\"async\" src=\"https:\/\/pmbcu.pl\/strona\/wp-content\/uploads\/2017\/02\/WDCiR_podstawowy.jpg\" title=\"WDCiR_podstawowy\" alt=\"WDCiR_podstawowy\" class=\"motopress-image-obj-basic mpce-dsbl-margin-left mpce-dsbl-margin-right mpce-dsbl-margin-top mpce-dsbl-margin-bottom\" \/><\/div>\n<\/div>\n<\/div>\n<div class=\"mp-row-fluid motopress-row mpce-dsbl-margin-left mpce-dsbl-margin-right\">\n<div class=\"mp-span12 motopress-clmn  mpce-dsbl-margin-left mpce-dsbl-margin-right\">\n<div class=\"mp-row-fluid motopress-row mpce-dsbl-margin-left mpce-dsbl-margin-right\">\n<div class=\"mp-span12 motopress-clmn mpce-dsbl-margin-left mpce-dsbl-margin-right\">\n<div class=\"motopress-image-obj motopress-text-align-left\"><img decoding=\"async\" src=\"https:\/\/pmbcu.pl\/strona\/wp-content\/uploads\/2017\/02\/WDCiR_S.jpg\" title=\"WDCiR_S\" alt=\"WDCiR_S\" class=\"motopress-image-obj-basic mpce-dsbl-margin-left mpce-dsbl-margin-right mpce-dsbl-margin-top mpce-dsbl-margin-bottom\" \/><\/div>\n<\/div>\n<\/div>\n<div class=\"mp-row-fluid motopress-row mpce-dsbl-margin-left mpce-dsbl-margin-right\">\n<div class=\"mp-span12 motopress-clmn mpce-dsbl-margin-left mpce-dsbl-margin-right\">\n<div class=\"motopress-image-obj motopress-text-align-left\"><img decoding=\"async\" src=\"https:\/\/pmbcu.pl\/strona\/wp-content\/uploads\/2017\/02\/WDCiR_M.jpg\" title=\"WDCiR_M\" alt=\"WDCiR_M\" class=\"motopress-image-obj-basic mpce-dsbl-margin-left mpce-dsbl-margin-right mpce-dsbl-margin-top mpce-dsbl-margin-bottom\" \/><\/div>\n<\/div>\n<\/div>\n<\/div>\n<\/div>\n<div class=\"mp-row-fluid motopress-row mpce-dsbl-margin-left mpce-dsbl-margin-right\">\n<div class=\"mp-span12 motopress-clmn  mpce-dsbl-margin-left mpce-dsbl-margin-right\">\n<div class=\"motopress-image-obj motopress-text-align-left\"><img decoding=\"async\" src=\"https:\/\/pmbcu.pl\/strona\/wp-content\/uploads\/2017\/02\/WDCiR_L.jpg\" title=\"WDCiR_L\" alt=\"WDCiR_L\" class=\"motopress-image-obj-basic mpce-dsbl-margin-left mpce-dsbl-margin-right mpce-dsbl-margin-top mpce-dsbl-margin-bottom\" \/><\/div>\n<\/div>\n<\/div>\n<div class=\"mp-row-fluid motopress-row mpce-dsbl-margin-left mpce-dsbl-margin-right\">\n<div class=\"mp-span12 motopress-clmn  mpce-dsbl-margin-left mpce-dsbl-margin-right\">\n<div class=\"motopress-image-obj motopress-text-align-left\"><img decoding=\"async\" src=\"https:\/\/pmbcu.pl\/strona\/wp-content\/uploads\/2017\/02\/vip.jpg\" title=\"vip\" alt=\"vip\" class=\"motopress-image-obj-basic mpce-dsbl-margin-left mpce-dsbl-margin-right mpce-dsbl-margin-top mpce-dsbl-margin-bottom\" \/><\/div>\n<\/div>\n<\/div>\n","protected":false},"excerpt":{"rendered":"Ubezpieczenie Warta Dla Ciebie i Rodziny Ubezpieczenie indywidualne w grupie otwartej Warta dla Ciebie i Dla Rodziny w TUn\u017c WARTA S.A. Program ubezpieczeniowy dla os\u00f3b, kt\u00f3re szukaj\u0105 zabezpieczenia siebie oraz swoich bliskich na wypadek r\u00f3\u017cnych, nieprzewidzianych okoliczno\u015bci \u017cyciowych. Dzi\u0119ki otwartej&hellip; ","protected":false},"author":1,"featured_media":0,"parent":0,"menu_order":0,"comment_status":"closed","ping_status":"closed","template":"","meta":[],"_links":{"self":[{"href":"https:\/\/pmbcu.pl\/strona\/wp-json\/wp\/v2\/pages\/271"}],"collection":[{"href":"https:\/\/pmbcu.pl\/strona\/wp-json\/wp\/v2\/pages"}],"about":[{"href":"https:\/\/pmbcu.pl\/strona\/wp-json\/wp\/v2\/types\/page"}],"author":[{"embeddable":true,"href":"https:\/\/pmbcu.pl\/strona\/wp-json\/wp\/v2\/users\/1"}],"replies":[{"embeddable":true,"href":"https:\/\/pmbcu.pl\/strona\/wp-json\/wp\/v2\/comments?post=271"}],"version-history":[{"count":30,"href":"https:\/\/pmbcu.pl\/strona\/wp-json\/wp\/v2\/pages\/271\/revisions"}],"predecessor-version":[{"id":411,"href":"https:\/\/pmbcu.pl\/strona\/wp-json\/wp\/v2\/pages\/271\/revisions\/411"}],"wp:attachment":[{"href":"https:\/\/pmbcu.pl\/strona\/wp-json\/wp\/v2\/media?parent=271"}],"curies":[{"name":"wp","href":"https:\/\/api.w.org\/{rel}","templated":true}]}}