{"id":31,"date":"2016-03-23T20:36:29","date_gmt":"2016-03-23T19:36:29","guid":{"rendered":"http:\/\/pmbcu.pl\/strona\/?page_id=31"},"modified":"2022-01-19T12:25:45","modified_gmt":"2022-01-19T11:25:45","slug":"31-2","status":"publish","type":"page","link":"https:\/\/pmbcu.pl\/strona\/","title":{"rendered":"PMB CENTRUM UBEZPIECZE\u0143"},"content":{"rendered":"<div class=\"mp-row-fluid motopress-row mpce-dsbl-margin-left mpce-dsbl-margin-right\">\n<div class=\"mp-span3 motopress-clmn  mpce-dsbl-margin-left mpce-dsbl-margin-right\">\n<div class=\"mp-row-fluid motopress-row mpce-dsbl-margin-left mpce-dsbl-margin-right\">\n<div class=\"mp-span12 motopress-clmn mpce-dsbl-margin-left mpce-dsbl-margin-right\">\n<div class=\"motopress-image-obj motopress-text-align-center\"><img decoding=\"async\" src=\"https:\/\/pmbcu.pl\/strona\/wp-content\/uploads\/2016\/03\/1-2.jpg\" title=\"1\" alt=\"1\" class=\"motopress-image-obj-basic mpce-dsbl-margin-left mpce-dsbl-margin-right mpce-dsbl-margin-top mpce-dsbl-margin-bottom\" \/><\/div>\n<\/div>\n<\/div>\n<div class=\"mp-row-fluid motopress-row mpce-dsbl-margin-left mpce-dsbl-margin-right\">\n<div class=\"mp-span12 motopress-clmn mpce-dsbl-margin-left mpce-dsbl-margin-right\">\n<div class=\"motopress-text-obj\">\n<h4 style=\"box-sizing: inherit; margin-left: 50px; color: #444444; font-size: 16px; line-height: 36px; font-family: 'PT Sans', Arial, sans-serif; font-style: normal; text-align: left; background-image: initial; background-attachment: initial; background-size: initial; background-origin: initial; background-clip: initial; background-position: initial; background-repeat: initial;\"><strong>\u00a0Bezpiecze\u0144stwo<\/strong><\/h4>\n<p style=\"text-align: center;\">Dzi\u0119ki szerokiej ofercie ubezpiecze\u0144, mo\u017cemy zapewni\u0107 spok\u00f3j i bezpiecze\u0144stwo w ka\u017cdej nieprzewidzianej sytuacji.<\/p>\n<p style=\"text-align: center;\"><strong><a href=\"http:\/\/pmbcu.pl\/strona\/index.php\/oferta\/\">Wi\u0119cej<\/a><\/strong><\/p>\n<\/div>\n<\/div>\n<\/div>\n<\/div>\n<div class=\"mp-span3 motopress-clmn  mpce-dsbl-margin-left mpce-dsbl-margin-right\">\n<div class=\"mp-row-fluid motopress-row mpce-dsbl-margin-left mpce-dsbl-margin-right\">\n<div class=\"mp-span12 motopress-clmn mpce-dsbl-margin-left mpce-dsbl-margin-right\">\n<div class=\"motopress-image-obj motopress-text-align-center\"><img decoding=\"async\" src=\"https:\/\/pmbcu.pl\/strona\/wp-content\/uploads\/2016\/03\/3-2.jpg\" title=\"3\" alt=\"3\" class=\"motopress-image-obj-basic mpce-dsbl-margin-left mpce-dsbl-margin-right mpce-dsbl-margin-top mpce-dsbl-margin-bottom\" \/><\/div>\n<\/div>\n<\/div>\n<div class=\"mp-row-fluid motopress-row mpce-dsbl-margin-left mpce-dsbl-margin-right\">\n<div class=\"mp-span12 motopress-clmn mpce-dsbl-margin-left mpce-dsbl-margin-right\">\n<div class=\"motopress-text-obj\">\n<h4 style=\"box-sizing: inherit; margin-left: 50px; color: #444444; font-size: 16px; line-height: 36px; font-family: 'PT Sans', Arial, sans-serif; font-style: normal; text-align: left; background-image: initial; background-attachment: initial; background-size: initial; background-origin: initial; background-clip: initial; background-position: initial; background-repeat: initial;\"><strong>\u00a0Profesjonalizm<\/strong><\/h4>\n<p style=\"text-align: center;\"><span style=\"color: #616161; font-family: 'PT Sans', Arial, sans-serif; font-size: 14px; font-style: normal; font-weight: normal; line-height: 24px;\">Zapewniamy swoim Klientom obs\u0142ug\u0119 najwy\u017cszej jako\u015bci. Cechuje nas profesjonalizm i perfekcjonizm.<\/span><\/p>\n<p style=\"text-align: center;\"><a href=\"http:\/\/pmbcu.pl\/strona\/index.php\/oferta\/\"><span style=\"font-size: 14px;\"><strong style=\"font-size: 14px; line-height: 1.5;\">Wi\u0119cej<\/strong><\/span><\/a><\/p>\n<\/div>\n<\/div>\n<\/div>\n<\/div>\n<div class=\"mp-span3 motopress-clmn  mpce-dsbl-margin-left mpce-dsbl-margin-right\">\n<div class=\"mp-row-fluid motopress-row mpce-dsbl-margin-left mpce-dsbl-margin-right\">\n<div class=\"mp-span12 motopress-clmn mpce-dsbl-margin-left mpce-dsbl-margin-right\">\n<div class=\"motopress-image-obj motopress-text-align-center\"><img decoding=\"async\" src=\"https:\/\/pmbcu.pl\/strona\/wp-content\/uploads\/2016\/03\/4-2.jpg\" title=\"4\" alt=\"4\" class=\"motopress-image-obj-basic mpce-dsbl-margin-left mpce-dsbl-margin-right mpce-dsbl-margin-top mpce-dsbl-margin-bottom\" \/><\/div>\n<\/div>\n<\/div>\n<div class=\"mp-row-fluid motopress-row mpce-dsbl-margin-left mpce-dsbl-margin-right\">\n<div class=\"mp-span12 motopress-clmn mpce-dsbl-margin-left mpce-dsbl-margin-right\">\n<div class=\"motopress-text-obj\">\n<h4 style=\"box-sizing: inherit; margin-left: 50px; color: #444444; font-size: 16px; line-height: 36px; font-family: 'PT Sans', Arial, sans-serif; font-style: normal; background-image: initial; background-attachment: initial; background-size: initial; background-origin: initial; background-clip: initial; background-position: initial; background-repeat: initial;\"><strong>Najni\u017csze ceny<\/strong><\/h4>\n<p style=\"text-align: center;\"><span style=\"color: #616161; font-family: 'PT Sans', Arial, sans-serif; font-size: 14px; font-style: normal; font-weight: normal; line-height: 24px;\">Jeste\u015bmy cz\u0119\u015bci\u0105 najwi\u0119kszej w kraju multiagencji, pozycja lidera sprzeda\u017cy w Polsce polis gwarantuje nam najni\u017csze ceny.<br \/>\n<\/span><\/p>\n<p style=\"text-align: center;\"><a href=\"http:\/\/pmbcu.pl\/strona\/index.php\/oferta\/\"><strong style=\"font-size: 14px; line-height: 1.5;\">Wi\u0119cej<\/strong><\/a><\/p>\n<\/div>\n<\/div>\n<\/div>\n<\/div>\n<div class=\"mp-span3 motopress-clmn  mpce-dsbl-margin-left mpce-dsbl-margin-right\">\n<div class=\"mp-row-fluid motopress-row mpce-dsbl-margin-left mpce-dsbl-margin-right\">\n<div class=\"mp-span12 motopress-clmn mpce-dsbl-margin-left mpce-dsbl-margin-right\">\n<div class=\"motopress-image-obj motopress-text-align-center\"><img decoding=\"async\" src=\"https:\/\/pmbcu.pl\/strona\/wp-content\/uploads\/2016\/03\/2-3.jpg\" title=\"2\" alt=\"2\" class=\"motopress-image-obj-basic mpce-dsbl-margin-left mpce-dsbl-margin-right mpce-dsbl-margin-top mpce-dsbl-margin-bottom\" \/><\/div>\n<\/div>\n<\/div>\n<div class=\"mp-row-fluid motopress-row mpce-dsbl-margin-left mpce-dsbl-margin-right\">\n<div class=\"mp-span12 motopress-clmn mpce-dsbl-margin-left mpce-dsbl-margin-right\">\n<div class=\"motopress-text-obj\">\n<h4 style=\"box-sizing: inherit; margin-left: 50px; color: #444444; font-size: 16px; line-height: 36px; font-family: 'PT Sans', Arial, sans-serif; font-style: normal; background-image: initial; background-attachment: initial; background-size: initial; background-origin: initial; background-clip: initial; background-position: initial; background-repeat: initial;\"><strong>Dojazd do klienta<\/strong><\/h4>\n<p style=\"text-align: center;\"><span style=\"color: #616161; font-family: 'PT Sans', Arial, sans-serif; font-size: 14px; font-style: normal; font-weight: normal; line-height: 24px;\">W trosce o wygod\u0119 naszych Klient\u00f3w, jeste\u015bmy mobilni, podpisanie i wydrukowanie polisy odbywa si\u0119 w miejscu gdzie jest pa\u0144stwu wygodnie<\/span><\/p>\n<p style=\"text-align: center;\"><strong><a href=\"http:\/\/pmbcu.pl\/strona\/index.php\/oferta\/\">Wi\u0119cej\u00a0<\/a><\/strong><\/p>\n<\/div>\n<\/div>\n<\/div>\n<\/div>\n<\/div>\n<div class=\"mp-row-fluid motopress-row mpce-dsbl-margin-left mpce-dsbl-margin-right\">\n<div class=\"mp-span12 motopress-clmn  mpce-dsbl-margin-left mpce-dsbl-margin-right  motopress-space\">\n<div class=\"motopress-space-obj mpce-dsbl-background-image-type mpce-dsbl-background-image mpce-dsbl-background-gradient mpce-dsbl-background-position mpce-dsbl-background-position-x mpce-dsbl-background-position-y mpce-dsbl-background-repeat mpce-dsbl-background-size mpce-dsbl-background-attachment mpce-dsbl-margin-left mpce-dsbl-margin-right mpce-dsbl-background-color mpce-dsbl-border-top-width mpce-dsbl-border-bottom-width mpce-dsbl-border-left-width mpce-dsbl-border-right-width mpce-dsbl-border-top-left-radius mpce-dsbl-border-top-right-radius mpce-dsbl-border-bottom-left-radius mpce-dsbl-border-bottom-right-radius mpce-dsbl-border-style mpce-dsbl-border-color mpce-dsbl-padding-left mpce-dsbl-padding-right mpce-dsbl-margin-top mpce-dsbl-margin-bottom mpce-dsbl-color\">\n<div><\/div>\n<\/div>\n<\/div>\n<\/div>\n<div class=\"mp-row-fluid motopress-row mpce-dsbl-margin-left mpce-dsbl-margin-right\">\n<div class=\"mp-span12 motopress-clmn  mpce-dsbl-margin-left mpce-dsbl-margin-right\">\n<div class=\"mp-row-fluid motopress-row mpce-dsbl-margin-left mpce-dsbl-margin-right\">\n<div class=\"mp-span12 motopress-clmn mpce-dsbl-margin-left mpce-dsbl-margin-right  motopress-space\" style=\"min-height: 60px;\">\n<div class=\"motopress-space-obj mpce-dsbl-background-image-type mpce-dsbl-background-image mpce-dsbl-background-gradient mpce-dsbl-background-position mpce-dsbl-background-position-x mpce-dsbl-background-position-y mpce-dsbl-background-repeat mpce-dsbl-background-size mpce-dsbl-background-attachment mpce-dsbl-margin-left mpce-dsbl-margin-right mpce-dsbl-background-color mpce-dsbl-border-top-width mpce-dsbl-border-bottom-width mpce-dsbl-border-left-width mpce-dsbl-border-right-width mpce-dsbl-border-top-left-radius mpce-dsbl-border-top-right-radius mpce-dsbl-border-bottom-left-radius mpce-dsbl-border-bottom-right-radius mpce-dsbl-border-style mpce-dsbl-border-color mpce-dsbl-padding-left mpce-dsbl-padding-right mpce-dsbl-margin-top mpce-dsbl-margin-bottom mpce-dsbl-color\">\n<div><\/div>\n<\/div>\n<\/div>\n<\/div>\n<div class=\"mp-row-fluid motopress-row mpce-dsbl-margin-left mpce-dsbl-margin-right\">\n<div class=\"mp-span12 motopress-clmn mpce-dsbl-margin-left mpce-dsbl-margin-right  motopress-space\">\n<div class=\"motopress-space-obj mpce-dsbl-background-image-type mpce-dsbl-background-image mpce-dsbl-background-gradient mpce-dsbl-background-position mpce-dsbl-background-position-x mpce-dsbl-background-position-y mpce-dsbl-background-repeat mpce-dsbl-background-size mpce-dsbl-background-attachment mpce-dsbl-margin-left mpce-dsbl-margin-right mpce-dsbl-background-color mpce-dsbl-border-top-width mpce-dsbl-border-bottom-width mpce-dsbl-border-left-width mpce-dsbl-border-right-width mpce-dsbl-border-top-left-radius mpce-dsbl-border-top-right-radius mpce-dsbl-border-bottom-left-radius mpce-dsbl-border-bottom-right-radius mpce-dsbl-border-style mpce-dsbl-border-color mpce-dsbl-padding-left mpce-dsbl-padding-right mpce-dsbl-margin-top mpce-dsbl-margin-bottom mpce-dsbl-color\">\n<div><\/div>\n<\/div>\n<\/div>\n<\/div>\n<div class=\"mp-row-fluid motopress-row mpce-dsbl-margin-left mpce-dsbl-margin-right\">\n<div class=\"mp-span12 motopress-clmn mpce-dsbl-margin-left mpce-dsbl-margin-right\">\n<div class=\"motopress-image-obj motopress-text-align-left\"><a href=\"http:\/\/pmbcu.pl\/strona\/index.php\/oferta\/\" target=\"_self\"><img decoding=\"async\" src=\"https:\/\/pmbcu.pl\/strona\/wp-content\/uploads\/2016\/03\/nasza-oferta-1.jpg\" title=\"nasza oferta\" alt=\"nasza oferta\" class=\"motopress-image-obj-basic mpce-dsbl-margin-left mpce-dsbl-margin-right mpce-dsbl-margin-top mpce-dsbl-margin-bottom\" \/><\/a><\/div>\n<\/div>\n<\/div>\n<\/div>\n<\/div>\n<div class=\"mp-row-fluid motopress-row mpce-dsbl-margin-left mpce-dsbl-margin-right\">\n<div class=\"mp-span12 motopress-clmn  mpce-dsbl-margin-left mpce-dsbl-margin-right  motopress-space\">\n<div class=\"motopress-space-obj mpce-dsbl-background-image-type mpce-dsbl-background-image mpce-dsbl-background-gradient mpce-dsbl-background-position mpce-dsbl-background-position-x mpce-dsbl-background-position-y mpce-dsbl-background-repeat mpce-dsbl-background-size mpce-dsbl-background-attachment mpce-dsbl-margin-left mpce-dsbl-margin-right mpce-dsbl-background-color mpce-dsbl-border-top-width mpce-dsbl-border-bottom-width mpce-dsbl-border-left-width mpce-dsbl-border-right-width mpce-dsbl-border-top-left-radius mpce-dsbl-border-top-right-radius mpce-dsbl-border-bottom-left-radius mpce-dsbl-border-bottom-right-radius mpce-dsbl-border-style mpce-dsbl-border-color mpce-dsbl-padding-left mpce-dsbl-padding-right mpce-dsbl-margin-top mpce-dsbl-margin-bottom mpce-dsbl-color\">\n<div><\/div>\n<\/div>\n<\/div>\n<\/div>\n<div class=\"mp-row-fluid motopress-row mpce-dsbl-margin-left mpce-dsbl-margin-right\">\n<div class=\"mp-span12 motopress-clmn  mpce-dsbl-margin-left mpce-dsbl-margin-right\">\n<div class=\"mp-row-fluid motopress-row mpce-dsbl-margin-left mpce-dsbl-margin-right\">\n<div class=\"mp-span5 motopress-clmn mpce-dsbl-margin-left mpce-dsbl-margin-right\">\n<p class=\"motopress-hide-script\"><script type=\"text\/javascript\">\n\t\t\t\t\tjQuery(document).ready(function($) {\n\t\t\t\t\t\tvar mpImageSlider = $(\".motopress-image-slider-obj#69f2350c96052\");\n\t\t\t\t\t\tif (mpImageSlider.data(\"flexslider\")) {\n\t\t\t\t\t\t\tmpImageSlider.flexslider(\"destroy\");\n\t\t\t\t\t\t}\n\t\t\t\t\t\tif (!true) mpImageSlider.css(\"margin-bottom\", 0);\n\t\t\t\t\t\tmpImageSlider.flexslider({\n\t\t\t\t\t\t\tslideshow: true,\n\t\t\t\t\t\t\tanimation: \"fade\",\n\t\t\t\t\t\t\tcontrolNav: true,\n\t\t\t\t\t\t\tslideshowSpeed: 2000,\n\t\t\t\t\t\t\tanimationSpeed: 600,\n\t\t\t\t\t\t\tsmoothHeight: false,\n\t\t\t\t\t\t\tkeyboard: true\n\t\t\t\t\t\t});\n\t\t\t\t\t});\n\t\t\t\t<\/script><\/p>\n<div class=\"motopress-image-slider-obj motopress-flexslider mp-flexslider-obj flexslider\" id=\"69f2350c96052\">\n<ul class=\"slides\">\n<li><img decoding=\"async\" src=\"https:\/\/pmbcu.pl\/strona\/wp-content\/uploads\/2016\/03\/Bez-nazwy-2-6.jpg\" title=\"Bez nazwy-2\" alt=\"Bez nazwy-2\" \/><\/li>\n<li><img decoding=\"async\" src=\"https:\/\/pmbcu.pl\/strona\/wp-content\/uploads\/2016\/03\/3-3.jpg\" title=\"3\" alt=\"3\" \/><\/li>\n<li><img decoding=\"async\" src=\"https:\/\/pmbcu.pl\/strona\/wp-content\/uploads\/2016\/03\/4-3.jpg\" title=\"4\" alt=\"4\" \/><\/li>\n<li><img decoding=\"async\" src=\"https:\/\/pmbcu.pl\/strona\/wp-content\/uploads\/2016\/03\/2-4.jpg\" title=\"2\" alt=\"2\" \/><\/li>\n<li><img decoding=\"async\" src=\"https:\/\/pmbcu.pl\/strona\/wp-content\/uploads\/2016\/03\/11.jpg\" title=\"11\" alt=\"11\" \/><\/li>\n<li><img decoding=\"async\" src=\"https:\/\/pmbcu.pl\/strona\/wp-content\/uploads\/2016\/03\/13-2.jpg\" title=\"13\" alt=\"13\" \/><\/li>\n<li><img decoding=\"async\" src=\"https:\/\/pmbcu.pl\/strona\/wp-content\/uploads\/2016\/03\/1-3.jpg\" title=\"1\" alt=\"1\" \/><\/li>\n<li><img decoding=\"async\" src=\"https:\/\/pmbcu.pl\/strona\/wp-content\/uploads\/2016\/03\/10.jpg\" title=\"10\" alt=\"10\" \/><\/li>\n<li><img decoding=\"async\" src=\"https:\/\/pmbcu.pl\/strona\/wp-content\/uploads\/2016\/03\/9.jpg\" title=\"9\" alt=\"9\" \/><\/li>\n<li><img decoding=\"async\" src=\"https:\/\/pmbcu.pl\/strona\/wp-content\/uploads\/2016\/03\/6-1.jpg\" title=\"6\" alt=\"6\" \/><\/li>\n<li><img decoding=\"async\" src=\"https:\/\/pmbcu.pl\/strona\/wp-content\/uploads\/2016\/03\/8.jpg\" title=\"8\" alt=\"8\" \/><\/li>\n<li><img decoding=\"async\" src=\"https:\/\/pmbcu.pl\/strona\/wp-content\/uploads\/2016\/03\/7.jpg\" title=\"7\" alt=\"7\" \/><\/li>\n<li><img decoding=\"async\" src=\"https:\/\/pmbcu.pl\/strona\/wp-content\/uploads\/2016\/03\/5-1.jpg\" title=\"5\" alt=\"5\" \/><\/li>\n<\/ul>\n<\/div>\n<\/div>\n<div class=\"mp-span5 motopress-clmn mpce-dsbl-margin-left mpce-dsbl-margin-right\">\n<p class=\"motopress-hide-script\"><script type=\"text\/javascript\">\n\t\t\t\t\tjQuery(document).ready(function($) {\n\t\t\t\t\t\tvar mpImageSlider = $(\".motopress-image-slider-obj#69f2350c98ee8\");\n\t\t\t\t\t\tif (mpImageSlider.data(\"flexslider\")) {\n\t\t\t\t\t\t\tmpImageSlider.flexslider(\"destroy\");\n\t\t\t\t\t\t}\n\t\t\t\t\t\tif (!true) mpImageSlider.css(\"margin-bottom\", 0);\n\t\t\t\t\t\tmpImageSlider.flexslider({\n\t\t\t\t\t\t\tslideshow: true,\n\t\t\t\t\t\t\tanimation: \"fade\",\n\t\t\t\t\t\t\tcontrolNav: true,\n\t\t\t\t\t\t\tslideshowSpeed: 7000,\n\t\t\t\t\t\t\tanimationSpeed: 600,\n\t\t\t\t\t\t\tsmoothHeight: false,\n\t\t\t\t\t\t\tkeyboard: true\n\t\t\t\t\t\t});\n\t\t\t\t\t});\n\t\t\t\t<\/script><\/p>\n<div class=\"motopress-image-slider-obj motopress-flexslider mp-flexslider-obj flexslider\" id=\"69f2350c98ee8\">\n<ul class=\"slides\">\n<li><img decoding=\"async\" src=\"https:\/\/pmbcu.pl\/strona\/wp-content\/uploads\/2016\/03\/1b-1.jpg\" title=\"1b\" alt=\"1b\" \/><\/li>\n<li><img decoding=\"async\" src=\"https:\/\/pmbcu.pl\/strona\/wp-content\/uploads\/2016\/03\/2b-1.jpg\" title=\"2b\" alt=\"2b\" \/><\/li>\n<li><img decoding=\"async\" src=\"https:\/\/pmbcu.pl\/strona\/wp-content\/uploads\/2016\/03\/3B.jpg\" title=\"3B\" alt=\"3B\" \/><\/li>\n<li><img decoding=\"async\" src=\"https:\/\/pmbcu.pl\/strona\/wp-content\/uploads\/2016\/03\/4B.jpg\" title=\"4B\" alt=\"4B\" \/><\/li>\n<li><img decoding=\"async\" src=\"https:\/\/pmbcu.pl\/strona\/wp-content\/uploads\/2016\/03\/5B.jpg\" title=\"5B\" alt=\"5B\" \/><\/li>\n<li><img decoding=\"async\" src=\"https:\/\/pmbcu.pl\/strona\/wp-content\/uploads\/2016\/03\/6B.jpg\" title=\"6B\" alt=\"6B\" \/><\/li>\n<\/ul>\n<\/div>\n<\/div>\n<div class=\"mp-span2 motopress-clmn mpce-dsbl-margin-left mpce-dsbl-margin-right  motopress-empty mp-hidden-phone\">\n<\/div>\n<\/div>\n<\/div>\n<\/div>\n","protected":false},"excerpt":{"rendered":"\u00a0Bezpiecze\u0144stwo Dzi\u0119ki szerokiej ofercie ubezpiecze\u0144, mo\u017cemy zapewni\u0107 spok\u00f3j i bezpiecze\u0144stwo w ka\u017cdej nieprzewidzianej sytuacji. Wi\u0119cej \u00a0Profesjonalizm Zapewniamy swoim Klientom obs\u0142ug\u0119 najwy\u017cszej jako\u015bci. Cechuje nas profesjonalizm i perfekcjonizm. Wi\u0119cej Najni\u017csze ceny Jeste\u015bmy cz\u0119\u015bci\u0105 najwi\u0119kszej w kraju multiagencji, pozycja lidera sprzeda\u017cy w&hellip; ","protected":false},"author":1,"featured_media":0,"parent":0,"menu_order":0,"comment_status":"closed","ping_status":"closed","template":"","meta":[],"_links":{"self":[{"href":"https:\/\/pmbcu.pl\/strona\/wp-json\/wp\/v2\/pages\/31"}],"collection":[{"href":"https:\/\/pmbcu.pl\/strona\/wp-json\/wp\/v2\/pages"}],"about":[{"href":"https:\/\/pmbcu.pl\/strona\/wp-json\/wp\/v2\/types\/page"}],"author":[{"embeddable":true,"href":"https:\/\/pmbcu.pl\/strona\/wp-json\/wp\/v2\/users\/1"}],"replies":[{"embeddable":true,"href":"https:\/\/pmbcu.pl\/strona\/wp-json\/wp\/v2\/comments?post=31"}],"version-history":[{"count":55,"href":"https:\/\/pmbcu.pl\/strona\/wp-json\/wp\/v2\/pages\/31\/revisions"}],"predecessor-version":[{"id":544,"href":"https:\/\/pmbcu.pl\/strona\/wp-json\/wp\/v2\/pages\/31\/revisions\/544"}],"wp:attachment":[{"href":"https:\/\/pmbcu.pl\/strona\/wp-json\/wp\/v2\/media?parent=31"}],"curies":[{"name":"wp","href":"https:\/\/api.w.org\/{rel}","templated":true}]}}